
{"id":1413,"date":"2020-07-19T20:38:07","date_gmt":"2020-07-19T17:38:07","guid":{"rendered":"https:\/\/saabpartsstock.com\/?page_id=1413"},"modified":"2024-11-13T14:02:04","modified_gmt":"2024-11-13T12:02:04","slug":"information-on-the-statutory-right-of-withdrawal-for-consumers","status":"publish","type":"page","link":"https:\/\/www.saabpartsstock.com\/et\/information-on-the-statutory-right-of-withdrawal-for-consumers\/","title":{"rendered":"Teave tarbijatele seadusega s\u00e4testatud taganemis\u00f5iguse kohta"},"content":{"rendered":"<div class=\"lRu31\"><span class=\"HwtZe\" lang=\"et\"><span class=\"HwtZe\" lang=\"et\"><span class=\"HwtZe\" lang=\"et\"><span class=\"HwtZe\" lang=\"et\"><strong><span class=\"jCAhz ChMk0b\"><span class=\"ryNqvb\">Lepingust taganemise juhend<\/span><\/span><\/strong><br \/>\n<span class=\"jCAhz ChMk0b\"><span class=\"ryNqvb\"><br \/>\n<strong>Seadusj\u00e4rgne taganemis\u00f5igus<\/strong><\/span><\/span><\/span><\/span><\/span><\/span><span class=\"jCAhz ChMk0b\"><span class=\"ryNqvb\"><br \/>\nTarbijana on teil \u00f5igus 7-p\u00e4evasele seadusest tulenevale taganemis\u00f5igusele ilma p\u00f5hjust esitamata.<\/span><\/span> <span class=\"jCAhz ChMk0b\"><span class=\"ryNqvb\">Taganemise t\u00e4htaeg on seitse (7) p\u00e4eva alates kuup\u00e4evast, mil teie v\u00f5i teie m\u00e4\u00e4ratud kolmas isik, kes ei ole kauba vedaja v\u00f5i kuller, saab viimase kauba f\u00fc\u00fcsiliselt enda valdusesse.<br \/>\n<\/span><\/span><br \/>\n<span class=\"jCAhz ChMk0b\"><span class=\"ryNqvb\">Oma seadusest tuleneva taganemis\u00f5iguse kasutamiseks peate meid teavitama:<\/span><\/span><br \/>\n<span class=\"jCAhz ChMk0b\"><span class=\"ryNqvb\">Palm &amp; Co O\u00dc<\/span><\/span><br \/>\n<span class=\"jCAhz ChMk0b\"><span class=\"ryNqvb\">\u00d5itse 27A<\/span><\/span><br \/>\n<span class=\"jCAhz ChMk0b\"><span class=\"ryNqvb\">10913 Tallinn,<br \/>\nEesti, EL<\/span><\/span><br \/>\n<span class=\"jCAhz ChMk0b\"><span class=\"ryNqvb\">Tel.: +372 53229999<\/span><\/span><br \/>\n<span class=\"jCAhz ChMk0b\"><span class=\"ryNqvb\">E-post: pood@saabpartsstock.com<\/span><\/span><br \/>\n<span class=\"jCAhz ChMk0b\"><span class=\"ryNqvb\">oma otsusest lepingust taganeda, esitades selge avalduse (nt saates kirja v\u00f5i e-kirjaga).<\/span><\/span> <span class=\"jCAhz ChMk0b\"><span class=\"ryNqvb\">Selleks v\u00f5ite kasutada lisatud taganemisvormi;<\/span><\/span> <span class=\"jCAhz ChMk0b\"><span class=\"ryNqvb\">see ei ole aga kohustuslik.<\/span><\/span><br \/>\n<span class=\"jCAhz ChMk0b\"><span class=\"ryNqvb\">Taganemist\u00e4htaeg loetakse t\u00e4idetuks, kui olete saatnud taganemis\u00f5iguse kasutamise kohta teate enne t\u00e4htaja m\u00f6\u00f6dumist.<\/span><\/span><br \/>\n<span class=\"jCAhz ChMk0b\"><span class=\"ryNqvb\"><br \/>\n<strong>Kokkuleppest v\u00f5i kaubast taganemise kord<br \/>\n<\/strong><\/span><\/span><br \/>\n<span class=\"jCAhz ChMk0b\"><span class=\"ryNqvb\">Lepingust taganemise korral tagastame teile 7-14 p\u00e4eva jooksul Teilt saadud tellimuse eest tasutud maksed, v\u00e4lja arvatud kohaletoimetamise\/saate\/veokulud ja pangatehingu tasud (samuti v\u00e4lja arvatud lisakulud, mis tekivad juhul, kui olete valinud<\/span><\/span> <span class=\"jCAhz ChMk0b\"><span class=\"ryNqvb\">erinevat tarneviisi meie pakutavast odavaimast tavatarneviisist), kuid mitte hiljem kui neljateistk\u00fcmne (14) p\u00e4eva jooksul alates p\u00e4evast, mil oleme saanud teate teie k\u00e4esolevast lepingust taganemise kohta.<\/span><\/span><br \/>\n<span class=\"jCAhz ChMk0b\"><span class=\"ryNqvb\">Kasutame teile h\u00fcvitamiseks sama makseviisi, mida kasutasite algse tehingu puhul, kui ei ole s\u00f5naselgelt kokku lepitud teisiti;<\/span><\/span> <span class=\"jCAhz ChMk0b\"><span class=\"ryNqvb\">mitte mingil juhul ei v\u00f5eta teilt selle tagasimakse eest meiepoolseid lisatasusid.<br \/>\n<\/span><\/span><br \/>\n<span class=\"jCAhz ChMk0b\"><span class=\"ryNqvb\">V\u00f5ime raha tagasi maksega viivitada seni, kuni oleme tagastatud kauba k\u00e4tte saanud v\u00f5i kuni olete esitanud p\u00f5hjalikud t\u00f5endid, et olete kauba tagastanud, olenevalt sellest, kumb on varasem.<br \/>\n<\/span><\/span><br \/>\n<span class=\"jCAhz ChMk0b\"><span class=\"ryNqvb\">Klient on kohustatud kauba meile tagastama v\u00f5i \u00fcle andma viivitamata v\u00f5i hiljemalt seitsme (7) p\u00e4eva jooksul alates kuup\u00e4evast, mil teavitasite meid k\u00e4esolevast lepingust taganemisest.<\/span><\/span><br \/>\n<span class=\"jCAhz ChMk0b\"><span class=\"ryNqvb\">T\u00e4htaeg loetakse t\u00e4idetuks, kui saadate kauba enne seitsmep\u00e4evase t\u00e4htaja m\u00f6\u00f6dumist.<\/span><\/span><br \/>\n<span class=\"jCAhz ChMk0b\"><span class=\"ryNqvb\">Teie kui klient, peate tasuma kulud kauba eest, mida saab saata pakidena.<\/span><\/span><br \/>\n<span class=\"jCAhz ChMk0b\"><span class=\"ryNqvb\">Teie kui klient, peate tasuma kulud kauba eest, mida ei ole v\u00f5imalik pakina saata.<\/span><\/span> <span class=\"jCAhz ChMk0b\"><span class=\"ryNqvb\">Need kulud on hinnanguliselt maksimaalselt umbes 200,00 eurot.<\/span><\/span><\/div>\n<div class=\"lRu31\">\n<p><span class=\"HwtZe\" lang=\"et\"><span class=\"jCAhz ChMk0b\"><span class=\"ryNqvb\">Te vastutate kauba v\u00e4\u00e4rtuse v\u00e4henemise eest ainult juhul, kui see v\u00e4\u00e4rtuse v\u00e4henemine on tingitud kauba kasutamisest v\u00f5i k\u00e4itlemisest, mida ei peeta vajalikuks kauba seisukorra, omaduste ja toimimise kontrollimiseks.<\/span><\/span><\/span><\/p>\n<p><strong><span class=\"jCAhz ChMk0b\"><span class=\"ryNqvb\">Taganemis\u00f5iguse erandid<\/span><\/span><\/strong><\/p>\n<p><span class=\"jCAhz ChMk0b\"><span class=\"ryNqvb\">Kaupade tarnelepingud, mis on s\u00f5lmitud vastavalt tarbija spetsifikatsioonidele ei kuulu t\u00fchistamisele v\u00f5i kaubad, mis on selgelt isikup\u00e4rastatud ei kuulu tagastamisele.<\/span><\/span><\/p>\n<\/div>\n","protected":false},"excerpt":{"rendered":"<p>Lepingust taganemise juhend Seadusj\u00e4rgne taganemis\u00f5igus Tarbijana on teil \u00f5igus 7-p\u00e4evasele seadusest tulenevale taganemis\u00f5igusele ilma p\u00f5hjust esitamata. Taganemise t\u00e4htaeg on seitse<\/p>\n","protected":false},"author":3,"featured_media":0,"parent":0,"menu_order":0,"comment_status":"closed","ping_status":"closed","template":"","meta":{"_monsterinsights_skip_tracking":false,"_monsterinsights_sitenote_active":false,"_monsterinsights_sitenote_note":"","_monsterinsights_sitenote_category":0,"footnotes":""},"class_list":["post-1413","page","type-page","status-publish","hentry"],"aioseo_notices":[],"_links":{"self":[{"href":"https:\/\/www.saabpartsstock.com\/et\/wp-json\/wp\/v2\/pages\/1413","targetHints":{"allow":["GET"]}}],"collection":[{"href":"https:\/\/www.saabpartsstock.com\/et\/wp-json\/wp\/v2\/pages"}],"about":[{"href":"https:\/\/www.saabpartsstock.com\/et\/wp-json\/wp\/v2\/types\/page"}],"author":[{"embeddable":true,"href":"https:\/\/www.saabpartsstock.com\/et\/wp-json\/wp\/v2\/users\/3"}],"replies":[{"embeddable":true,"href":"https:\/\/www.saabpartsstock.com\/et\/wp-json\/wp\/v2\/comments?post=1413"}],"version-history":[{"count":5,"href":"https:\/\/www.saabpartsstock.com\/et\/wp-json\/wp\/v2\/pages\/1413\/revisions"}],"predecessor-version":[{"id":4874,"href":"https:\/\/www.saabpartsstock.com\/et\/wp-json\/wp\/v2\/pages\/1413\/revisions\/4874"}],"wp:attachment":[{"href":"https:\/\/www.saabpartsstock.com\/et\/wp-json\/wp\/v2\/media?parent=1413"}],"curies":[{"name":"wp","href":"https:\/\/api.w.org\/{rel}","templated":true}]}}