
{"id":1152,"date":"2019-07-04T23:53:54","date_gmt":"2019-07-04T21:53:54","guid":{"rendered":"https:\/\/saabpartsstock.com\/?post_type=product&#038;p=1152"},"modified":"2025-11-29T11:17:09","modified_gmt":"2025-11-29T09:17:09","slug":"eksklusiivne-seotav-lips-autoteemaline-saab-kinkekarbis-tumesinine","status":"publish","type":"product","link":"https:\/\/www.saabpartsstock.com\/et\/toode\/eksklusiivne-seotav-lips-autoteemaline-saab-kinkekarbis-tumesinine\/","title":{"rendered":"Eksklusiivne seotav lips, autoteemaline (SAAB) kinkekarbis, tumesinine"},"content":{"rendered":"<p>Suurep\u00e4rane kingiidee igale t\u00f5elisele SAAB-i f\u00e4nnile!<\/p>\n<p>SAAB on surnud, elagu SAAB!<\/p>\n<p>SAAB-i f\u00e4nnil on j\u00e4rjest raskem leida n\u00e4gusat ja kvaliteetset SAAB-i meenet, kuna br\u00e4nd ise enam n\u00e4nni tootmisest huvitatud pole.<\/p>\n<p>Siin on n\u00fc\u00fcd v\u00f5imalus, mida ei tasu naljalt k\u00e4est lasta!<\/p>\n<p>Uus toode, k\u00f5rge kvaliteediga ning silmatorkavalt ilus.<\/p>\n<p>Toodetud eritellimusena piiratud koguses.<\/p>\n<p>Umbes 20 aastat tagasi oli SAAB autotehase meenete ja kingituste\u00a0riiulites\u00a0m\u00fc\u00fcgil analoogne SAAB 900 Klassik teemaline lips. Saadaval oli 2 tooni: \u0161ampanjav\u00e4rvi ja elegantne tumesinine (m\u00f5lemad on ka siin poes esindatud). Tikandi muster on v\u00f5etud SAAB 900 Klassik kupee mudeli siluetist.<br \/>\nTeatavasti olid k\u00f5ik SAAB meened ja \u00e4rikingid v\u00e4ga k\u00f5rge kvaliteediga ning m\u00f5eldud pikaajaliseks kasutamiseks nagu SAAB autodki. Seda traditsiooni j\u00e4rgides on siin m\u00fc\u00fcgil samadele p\u00f5him\u00f5tetele tuginev \u00e4rimehe luksuslik seotav lips.<\/p>\n<p>Antud lips on valmistatud luksuslikust ja kvaliteetsest pol\u00fcesterkangast, mis tagab elegantse v\u00e4limuse igale stiiliteadlikule ja endast lugupidavale h\u00e4rras- v\u00f5i \u00e4rimehele.<\/p>\n<p>Lips on elastne ja seet\u00f5ttu on seda v\u00e4ga lihtne s\u00f5lmida.<\/p>\n<p>Tegelikkuses on antud lips palju ilusam kui fotodel!<\/p>\n<p>Materjal:\u00a0Pol\u00fcesterkangas<br \/>\nL\u00fchikirjeldus: K\u00f5rgekvaliteediga, stiilne &#8211; ideaalne kink!<br \/>\nLipsu pikkus: 150cm<br \/>\nMaksimaalne laius: 8,5cm<br \/>\nMinimaalne laius: 3,5cm<br \/>\nKomplekti kuulub: 1 x lips<\/p>\n<p><strong><span style=\"color: #0000ff;\">Toode on pakendatud musta kinkekarpi!<\/span><\/strong><\/p>\n","protected":false},"excerpt":{"rendered":"<p>Toodetud SaabPartsStock-i eritellimusel<br \/>\nSeisukord: <span style=\"color: #000000;\"><span style=\"font-family: Liberation Serif, serif;\"><span style=\"font-size: medium;\"><a href=\"http:\/\/www.saabpartsstock.com\/et\/item-condition-explanation\/\"><span style=\"color: #0000ff;\">Uus<\/span><\/a><\/span><\/span><\/span><\/p>\n<p><strong><span style=\"color: #008000;\">Suurep\u00e4rane kingiidee igale t\u00f5elisele SAAB-i f\u00e4nnile!<\/span><\/strong><\/p>\n","protected":false},"featured_media":1156,"template":"","meta":{"_monsterinsights_skip_tracking":false,"_monsterinsights_sitenote_active":false,"_monsterinsights_sitenote_note":"","_monsterinsights_sitenote_category":0},"product_brand":[3367],"product_cat":[48,47],"product_tag":[1865,4288,4289,1831,1832],"class_list":{"0":"post-1152","1":"product","2":"type-product","3":"status-publish","4":"has-post-thumbnail","6":"product_brand-saabpartsstock-own","7":"product_cat-fanni-keskkond","8":"product_cat-saab-900-classic-my1979-1993","9":"product_tag-business-gift","10":"product_tag-eksklusiivne-seotav-lips-autoteemaline-saab-kinkekarbis-tumesinine","11":"product_tag-exclusive-necktie-in-the-gift-box-saab-classic-theme","12":"product_tag-kvaliteetne-meene","13":"product_tag-quality-saab-expression","14":"pa_kategooria-saab-meened","15":"pa_materjal-poluester-kangas","16":"pa_varvus-tumesinine","18":"first","19":"instock","20":"sale","21":"taxable","22":"shipping-taxable","23":"purchasable","24":"product-type-simple"},"aioseo_notices":[],"_links":{"self":[{"href":"https:\/\/www.saabpartsstock.com\/et\/wp-json\/wp\/v2\/product\/1152","targetHints":{"allow":["GET"]}}],"collection":[{"href":"https:\/\/www.saabpartsstock.com\/et\/wp-json\/wp\/v2\/product"}],"about":[{"href":"https:\/\/www.saabpartsstock.com\/et\/wp-json\/wp\/v2\/types\/product"}],"wp:featuredmedia":[{"embeddable":true,"href":"https:\/\/www.saabpartsstock.com\/et\/wp-json\/wp\/v2\/media\/1156"}],"wp:attachment":[{"href":"https:\/\/www.saabpartsstock.com\/et\/wp-json\/wp\/v2\/media?parent=1152"}],"wp:term":[{"taxonomy":"product_brand","embeddable":true,"href":"https:\/\/www.saabpartsstock.com\/et\/wp-json\/wp\/v2\/product_brand?post=1152"},{"taxonomy":"product_cat","embeddable":true,"href":"https:\/\/www.saabpartsstock.com\/et\/wp-json\/wp\/v2\/product_cat?post=1152"},{"taxonomy":"product_tag","embeddable":true,"href":"https:\/\/www.saabpartsstock.com\/et\/wp-json\/wp\/v2\/product_tag?post=1152"}],"curies":[{"name":"wp","href":"https:\/\/api.w.org\/{rel}","templated":true}]}}