
{"id":12688,"date":"2024-12-26T22:08:11","date_gmt":"2024-12-26T20:08:11","guid":{"rendered":"https:\/\/www.saabpartsstock.com\/?post_type=product&#038;p=12688"},"modified":"2025-03-06T23:48:30","modified_gmt":"2025-03-06T21:48:30","slug":"armatuuri-paneel-pahklipuu","status":"publish","type":"product","link":"https:\/\/www.saabpartsstock.com\/et\/toode\/armatuuri-paneel-pahklipuu\/","title":{"rendered":"Armatuuri paneel, p\u00e4hklipuu"},"content":{"rendered":"<p>SAAB 900NG MY1994-1998<br \/>\nSAAB 9-3OG MY1998-2003<br \/>\n<span style=\"color: #ff0000;\">Sobib vaid vasakpoolse rooliga autole.<br \/>\n<\/span><span class=\"VIiyi\" lang=\"et\"><span class=\"JLqJ4b ChMk0b\" data-language-for-alternatives=\"et\" data-language-to-translate-into=\"en\" data-phrase-index=\"0\" data-number-of-phrases=\"1\">Ventilatsiooniv\u00f5re \u00f5huvoolu reguleerimisnupud on asendatud SAAB 9-3NG viimase v\u00e4ljalaske kroomitud nuppudega.<\/span><\/span><br \/>\nKvaliteedi klass: <span style=\"color: #333399;\"><b>1<\/b><\/span><\/p>\n<p>Alternatiivsed varuosa koodid: 400111993, 400103263, 400110853, 400112918<\/p>\n","protected":false},"excerpt":{"rendered":"<p>Tootja: SAAB + SaabPartsStock k\u00e4sit\u00f6\u00f6<br \/>\nSeisukord: Kasutatud varuosa, mis on \u00fcmberkujundatud<\/p>\n<p><strong><span style=\"color: #008000;\"><span class=\"HwtZe\" lang=\"et\"><span class=\"jCAhz ChMk0b\"><span class=\"ryNqvb\">Sobivust oma autole vaadake allolevast tootekirjeldusest.<\/span><\/span><\/span><\/span><\/strong><\/p>\n","protected":false},"featured_media":12691,"template":"","meta":{"_monsterinsights_skip_tracking":false,"_monsterinsights_sitenote_active":false,"_monsterinsights_sitenote_note":"","_monsterinsights_sitenote_category":0},"product_brand":[3358],"product_cat":[137,159,52,51,191,152],"product_tag":[3231,3232,3229,3233,3228,2122,2123],"class_list":{"0":"post-12688","1":"product","2":"type-product","3":"status-publish","4":"has-post-thumbnail","6":"product_brand-saab","7":"product_cat-lisavarustus-saab-9-3-my1998-2002","8":"product_cat-lisavarustus-saab-900ng-my1994-1998","9":"product_cat-saab-9-3-my1998-2002","10":"product_cat-saab-900ng-my1994-1998","11":"product_cat-salongiosad-saab-900ng-my1994-1998","12":"product_cat-salongiosad-saab-9-3-my1998-2002","13":"product_tag-saab-400103263-et","14":"product_tag-saab-400110853","15":"product_tag-saab-400111993","16":"product_tag-saab-400112918","17":"product_tag-saab-4641262","18":"product_tag-saab-originaal-umberehitatud-varuosa","19":"product_tag-saab-original-refurbished-parts","20":"pa_kategooria-kasutatud-voi-renoveeritud-saab-originaalvaruosa","21":"pa_kategooria-lisavarustuse-tooted-nii-uued-kui-kasutatud","22":"pa_saab-mudel-saab-9-3og","23":"pa_saab-mudel-saab-900ng","24":"pa_valjalaske-aasta-75","25":"pa_valjalaske-aasta-76","26":"pa_valjalaske-aasta-77","27":"pa_valjalaske-aasta-78","28":"pa_valjalaske-aasta-79","29":"pa_valjalaske-aasta-80","30":"pa_valjalaske-aasta-81","31":"pa_valjalaske-aasta-82","32":"pa_valjalaske-aasta-83","33":"pa_valjalaske-aasta-84","35":"first","36":"outofstock","37":"sale","38":"taxable","39":"shipping-taxable","40":"purchasable","41":"product-type-simple"},"aioseo_notices":[],"_links":{"self":[{"href":"https:\/\/www.saabpartsstock.com\/et\/wp-json\/wp\/v2\/product\/12688","targetHints":{"allow":["GET"]}}],"collection":[{"href":"https:\/\/www.saabpartsstock.com\/et\/wp-json\/wp\/v2\/product"}],"about":[{"href":"https:\/\/www.saabpartsstock.com\/et\/wp-json\/wp\/v2\/types\/product"}],"wp:featuredmedia":[{"embeddable":true,"href":"https:\/\/www.saabpartsstock.com\/et\/wp-json\/wp\/v2\/media\/12691"}],"wp:attachment":[{"href":"https:\/\/www.saabpartsstock.com\/et\/wp-json\/wp\/v2\/media?parent=12688"}],"wp:term":[{"taxonomy":"product_brand","embeddable":true,"href":"https:\/\/www.saabpartsstock.com\/et\/wp-json\/wp\/v2\/product_brand?post=12688"},{"taxonomy":"product_cat","embeddable":true,"href":"https:\/\/www.saabpartsstock.com\/et\/wp-json\/wp\/v2\/product_cat?post=12688"},{"taxonomy":"product_tag","embeddable":true,"href":"https:\/\/www.saabpartsstock.com\/et\/wp-json\/wp\/v2\/product_tag?post=12688"}],"curies":[{"name":"wp","href":"https:\/\/api.w.org\/{rel}","templated":true}]}}