
{"id":12700,"date":"2024-12-27T01:36:25","date_gmt":"2024-12-26T23:36:25","guid":{"rendered":"https:\/\/www.saabpartsstock.com\/?post_type=product&#038;p=12700"},"modified":"2025-08-19T08:59:33","modified_gmt":"2025-08-19T06:59:33","slug":"ohu-rest-armatuurlauas-parem-saab-4230363-kasutatud-ja-umberdisainitud","status":"publish","type":"product","link":"https:\/\/www.saabpartsstock.com\/et\/toode\/ohu-rest-armatuurlauas-parem-saab-4230363-kasutatud-ja-umberdisainitud\/","title":{"rendered":"\u00d5hu rest armatuurlauas, parem SAAB 4230363 (kasutatud ja \u00fcmberdisainitud)"},"content":{"rendered":"<p>SAAB 900NG MY1994-1998<br \/>\nSAAB 9-3OG MY1998-2003<\/p>\n<p>Omadused: Musta v\u00e4rvi, nn. kroomitud nupuga; sobib <strong><span style=\"color: #0000ff;\">vasakoolse rooliga<\/span><\/strong> autodele.<\/p>\n<p><span class=\"VIiyi\" lang=\"et\"><span class=\"JLqJ4b ChMk0b\" data-language-for-alternatives=\"et\" data-language-to-translate-into=\"en\" data-phrase-index=\"0\" data-number-of-phrases=\"1\">Ventilatsiooniv\u00f5re \u00f5huvoolu reguleerimisnupp on asendatud SAAB 9-3NG viimase v\u00e4ljalaske kroomitud nupuga.<\/span><\/span><br \/>\nKvaliteedi klass: <span style=\"color: #333399;\"><b>1<\/b><\/span><\/p>\n<p>Alternatiivne varuosa kood: 4848834<\/p>\n","protected":false},"excerpt":{"rendered":"<p>Tootja: SAAB + SaabPartsStock k\u00e4sit\u00f6\u00f6<br \/>\nSeisukord: Kasutatud varuosa, mis on \u00fcmberkujundatud<\/p>\n<p><strong><span style=\"color: #008000;\"><span class=\"HwtZe\" lang=\"et\"><span class=\"jCAhz ChMk0b\"><span class=\"ryNqvb\">Sobivust oma autole vaadake allolevast tootekirjeldusest.<\/span><\/span><\/span><\/span><\/strong><\/p>\n","protected":false},"featured_media":12694,"template":"","meta":{"_monsterinsights_skip_tracking":false,"_monsterinsights_sitenote_active":false,"_monsterinsights_sitenote_note":"","_monsterinsights_sitenote_category":0},"product_brand":[3358],"product_cat":[159,137,52,51,191,152],"product_tag":[1931,1932,1933,3239,3240,3174,3241],"class_list":{"0":"post-12700","1":"product","2":"type-product","3":"status-publish","4":"has-post-thumbnail","6":"product_brand-saab","7":"product_cat-lisavarustus-saab-900ng-my1994-1998","8":"product_cat-lisavarustus-saab-9-3-my1998-2002","9":"product_cat-saab-9-3-my1998-2002","10":"product_cat-saab-900ng-my1994-1998","11":"product_cat-salongiosad-saab-900ng-my1994-1998","12":"product_cat-salongiosad-saab-9-3-my1998-2002","13":"product_tag-air-vent-duct","14":"product_tag-air-vent-outlet","15":"product_tag-chromed-control-knobs","16":"product_tag-saab-4230363","17":"product_tag-saab-4848834-et","18":"product_tag-saab-original-pre-owned","19":"product_tag-saab-original-refurbished-part","20":"pa_kategooria-uued-originaal-varuosad","21":"pa_materjal-plastik","22":"pa_saab-mudel-saab-9-3og","23":"pa_saab-mudel-saab-900ng","24":"pa_valjalaske-aasta-75","25":"pa_valjalaske-aasta-76","26":"pa_valjalaske-aasta-77","27":"pa_valjalaske-aasta-78","28":"pa_valjalaske-aasta-79","29":"pa_valjalaske-aasta-80","30":"pa_valjalaske-aasta-81","31":"pa_valjalaske-aasta-82","32":"pa_valjalaske-aasta-83","33":"pa_valjalaske-aasta-84","34":"pa_varvus-must","36":"first","37":"outofstock","38":"sale","39":"taxable","40":"shipping-taxable","41":"purchasable","42":"product-type-simple"},"aioseo_notices":[],"_links":{"self":[{"href":"https:\/\/www.saabpartsstock.com\/et\/wp-json\/wp\/v2\/product\/12700","targetHints":{"allow":["GET"]}}],"collection":[{"href":"https:\/\/www.saabpartsstock.com\/et\/wp-json\/wp\/v2\/product"}],"about":[{"href":"https:\/\/www.saabpartsstock.com\/et\/wp-json\/wp\/v2\/types\/product"}],"wp:featuredmedia":[{"embeddable":true,"href":"https:\/\/www.saabpartsstock.com\/et\/wp-json\/wp\/v2\/media\/12694"}],"wp:attachment":[{"href":"https:\/\/www.saabpartsstock.com\/et\/wp-json\/wp\/v2\/media?parent=12700"}],"wp:term":[{"taxonomy":"product_brand","embeddable":true,"href":"https:\/\/www.saabpartsstock.com\/et\/wp-json\/wp\/v2\/product_brand?post=12700"},{"taxonomy":"product_cat","embeddable":true,"href":"https:\/\/www.saabpartsstock.com\/et\/wp-json\/wp\/v2\/product_cat?post=12700"},{"taxonomy":"product_tag","embeddable":true,"href":"https:\/\/www.saabpartsstock.com\/et\/wp-json\/wp\/v2\/product_tag?post=12700"}],"curies":[{"name":"wp","href":"https:\/\/api.w.org\/{rel}","templated":true}]}}