
{"id":13403,"date":"2025-05-29T09:00:30","date_gmt":"2025-05-29T07:00:30","guid":{"rendered":"https:\/\/www.saabpartsstock.com\/?post_type=product&#038;p=13403"},"modified":"2025-05-29T09:21:42","modified_gmt":"2025-05-29T07:21:42","slug":"kaigukangi-nupp-nahkkattega","status":"publish","type":"product","link":"https:\/\/www.saabpartsstock.com\/et\/toode\/kaigukangi-nupp-nahkkattega\/","title":{"rendered":"K\u00e4igukangi nupp, nahkkattega"},"content":{"rendered":"<p>SAAB 9-3NG MY2003-2014<\/p>\n<p>5-k\u00e4igulise k\u00e4sik\u00e4igukastiga autole; uus j\u00e4relturu varuosa.<\/p>\n<p>Seotud varuosa numbrid: 55353898, 55566206, 32500815<\/p>\n","protected":false},"excerpt":{"rendered":"<p>Tootja: Professional Parts Sweden<br \/>\nSeisukord: <span style=\"color: #000000;\"><span style=\"font-family: Liberation Serif, serif;\"><span style=\"font-size: medium;\"><a href=\"http:\/\/www.saabpartsstock.com\/et\/item-condition-explanation\/\"><span style=\"color: #0000ff;\">Uus varuosa<\/span><\/a><\/span><\/span><\/span><\/p>\n<p><strong><span style=\"color: #008000;\"><span class=\"HwtZe\" lang=\"et\"><span class=\"jCAhz ChMk0b\"><span class=\"ryNqvb\">Sobivust oma autole vaadake allolevast tootekirjeldusest.<\/span><\/span><\/span><\/span><\/strong><\/p>\n","protected":false},"featured_media":13409,"template":"","meta":{"_monsterinsights_skip_tracking":false,"_monsterinsights_sitenote_active":false,"_monsterinsights_sitenote_note":"","_monsterinsights_sitenote_category":0},"product_brand":[3359],"product_cat":[3676,61,54],"product_tag":[3171,3170,3589,3138,3678,3680,3677,3679],"class_list":{"0":"post-13403","1":"product","2":"type-product","3":"status-publish","4":"has-post-thumbnail","6":"product_brand-proparts","7":"product_cat-jouulekande-osad-saab-9-3-ss-sc-my2003-2014","8":"product_cat-lisavarustus-saab-9-3-ss-sc-my2003-2014","9":"product_cat-saab-9-3-ss-sc-my2003-2014","10":"product_tag-aftermarket-part-et","11":"product_tag-kvaliteetne-jarelturu-varuosa-et","12":"product_tag-make-saab-great-again","13":"product_tag-professional-parts-sweden-et","14":"product_tag-proparts-83348985","15":"product_tag-saab-32500815","16":"product_tag-saab-55353898","17":"product_tag-saab-55566206","18":"pa_kategooria-uued-jarelturu-varuosad","19":"pa_materjal-ehtne-nahk","20":"pa_materjal-metallisulam","21":"pa_saab-mudel-saab-9-3-ss-or-sc-or-cv","22":"pa_valjalaske-aasta-84","23":"pa_valjalaske-aasta-85","24":"pa_valjalaske-aasta-86","25":"pa_valjalaske-aasta-87","26":"pa_valjalaske-aasta-88","27":"pa_valjalaske-aasta-89","28":"pa_valjalaske-aasta-90","29":"pa_valjalaske-aasta-91","30":"pa_valjalaske-aasta-92","31":"pa_valjalaske-aasta-93","32":"pa_valjalaske-aasta-94","33":"pa_varvus-hobedane","34":"pa_varvus-must","36":"first","37":"instock","38":"sale","39":"taxable","40":"shipping-taxable","41":"purchasable","42":"product-type-simple"},"aioseo_notices":[],"_links":{"self":[{"href":"https:\/\/www.saabpartsstock.com\/et\/wp-json\/wp\/v2\/product\/13403","targetHints":{"allow":["GET"]}}],"collection":[{"href":"https:\/\/www.saabpartsstock.com\/et\/wp-json\/wp\/v2\/product"}],"about":[{"href":"https:\/\/www.saabpartsstock.com\/et\/wp-json\/wp\/v2\/types\/product"}],"wp:featuredmedia":[{"embeddable":true,"href":"https:\/\/www.saabpartsstock.com\/et\/wp-json\/wp\/v2\/media\/13409"}],"wp:attachment":[{"href":"https:\/\/www.saabpartsstock.com\/et\/wp-json\/wp\/v2\/media?parent=13403"}],"wp:term":[{"taxonomy":"product_brand","embeddable":true,"href":"https:\/\/www.saabpartsstock.com\/et\/wp-json\/wp\/v2\/product_brand?post=13403"},{"taxonomy":"product_cat","embeddable":true,"href":"https:\/\/www.saabpartsstock.com\/et\/wp-json\/wp\/v2\/product_cat?post=13403"},{"taxonomy":"product_tag","embeddable":true,"href":"https:\/\/www.saabpartsstock.com\/et\/wp-json\/wp\/v2\/product_tag?post=13403"}],"curies":[{"name":"wp","href":"https:\/\/api.w.org\/{rel}","templated":true}]}}