
{"id":13483,"date":"2025-06-24T20:19:54","date_gmt":"2025-06-24T18:19:54","guid":{"rendered":"https:\/\/www.saabpartsstock.com\/?post_type=product&#038;p=13483"},"modified":"2025-07-06T20:53:37","modified_gmt":"2025-07-06T18:53:37","slug":"paikese-sirm-nokats-saab-kirjaga-helesinine","status":"publish","type":"product","link":"https:\/\/www.saabpartsstock.com\/et\/toode\/paikese-sirm-nokats-saab-kirjaga-helesinine\/","title":{"rendered":"P\u00e4ikese sirm-nokats SAAB kirjaga helesinine"},"content":{"rendered":"<p>Nokatsi v\u00e4rv: helesinine<br \/>\nMaterjal: puuvill<br \/>\nSobib nii meestele, naistele kui ka teismelistele lastele<br \/>\nRihma t\u00fc\u00fcp: reguleeritav<br \/>\nSuurus:\u00a0 kuni 60 cm (S-2XL)<\/p>\n<p>Suurep\u00e4rane kingiidee igale t\u00f5elisele SAAB-i f\u00e4nnile!<br \/>\nSAAB on surnud, elagu SAAB!<br \/>\nSAAB-i f\u00e4nnil on j\u00e4rjest raskem leida sobivat SAAB-i meenet, kuna br\u00e4nd ise enam n\u00e4nni tootmisest huvitatud pole.<br \/>\nSiin on n\u00fc\u00fcd v\u00f5imalus, mida ei tasu naljalt k\u00e4est lasta!<br \/>\nUus toode, k\u00f5rge kvaliteediga ning silmatorkavalt ilus vabaaja ja sportimise p\u00e4ikese sirm-nokats.<br \/>\nToodetud eritellimusena piiratud koguses.<\/p>\n<p>Umbes 30 aastat tagasi oli SAAB autotehase meenete ja kingituste riiulites m\u00fc\u00fcgil analoogne p\u00e4ikese sirm-nokats.<br \/>\nTeatavasti olid k\u00f5ik SAAB meened ja \u00e4rikingid v\u00e4ga k\u00f5rge kvaliteediga ning m\u00f5eldud pikaajaliseks kasutamiseks nagu SAAB autodki. Seda traditsiooni j\u00e4rgides on siin m\u00fc\u00fcgil samadele p\u00f5him\u00f5tetele tuginev p\u00e4ikese sirm-nokats.<br \/>\nTegelikkuses on p\u00e4ikese sirm-nokats palju ilusam kui fotodel!<\/p>\n","protected":false},"excerpt":{"rendered":"<p>Tootja: SaabPartsStock eritellimus (j\u00e4relturu toode)<br \/>\nSeisukord: <a href=\"https:\/\/saabpartsstock.com\/et\/item-condition-explanation\/\"><span style=\"color: #0000ff;\">Uus<\/span><\/a><\/p>\n<p>Suurep\u00e4rane kingiidee igale t\u00f5elisele SAAB-i f\u00e4nnile!<br \/>\nToote kvaliteet on hea ja materjal vastupidav.<br \/>\n<strong><span style=\"color: #0000ff;\">Keri allapoole ja loe tootekirjeldusest lisa!<\/span><\/strong><\/p>\n","protected":false},"featured_media":13485,"template":"","meta":{"_monsterinsights_skip_tracking":false,"_monsterinsights_sitenote_active":false,"_monsterinsights_sitenote_note":"","_monsterinsights_sitenote_category":0},"product_brand":[3367],"product_cat":[48],"product_tag":[1865,1831,2219,2720,2721,1832,1938,1940,2722,2723],"class_list":{"0":"post-13483","1":"product","2":"type-product","3":"status-publish","4":"has-post-thumbnail","6":"product_brand-saabpartsstock-own","7":"product_cat-fanni-keskkond","8":"product_tag-business-gift","9":"product_tag-kvaliteetne-meene","10":"product_tag-leasure","11":"product_tag-one-size-fits-all","12":"product_tag-paikese-sirm-nokats","13":"product_tag-quality-saab-expression","14":"product_tag-replica","15":"product_tag-saab-leasure","16":"product_tag-saab-sports-gear","17":"product_tag-sun-visor","18":"pa_kategooria-saab-meened","19":"pa_materjal-puuvill","20":"pa_varvus-taevasinine","22":"first","23":"instock","24":"sale","25":"taxable","26":"shipping-taxable","27":"purchasable","28":"product-type-simple"},"aioseo_notices":[],"_links":{"self":[{"href":"https:\/\/www.saabpartsstock.com\/et\/wp-json\/wp\/v2\/product\/13483","targetHints":{"allow":["GET"]}}],"collection":[{"href":"https:\/\/www.saabpartsstock.com\/et\/wp-json\/wp\/v2\/product"}],"about":[{"href":"https:\/\/www.saabpartsstock.com\/et\/wp-json\/wp\/v2\/types\/product"}],"wp:featuredmedia":[{"embeddable":true,"href":"https:\/\/www.saabpartsstock.com\/et\/wp-json\/wp\/v2\/media\/13485"}],"wp:attachment":[{"href":"https:\/\/www.saabpartsstock.com\/et\/wp-json\/wp\/v2\/media?parent=13483"}],"wp:term":[{"taxonomy":"product_brand","embeddable":true,"href":"https:\/\/www.saabpartsstock.com\/et\/wp-json\/wp\/v2\/product_brand?post=13483"},{"taxonomy":"product_cat","embeddable":true,"href":"https:\/\/www.saabpartsstock.com\/et\/wp-json\/wp\/v2\/product_cat?post=13483"},{"taxonomy":"product_tag","embeddable":true,"href":"https:\/\/www.saabpartsstock.com\/et\/wp-json\/wp\/v2\/product_tag?post=13483"}],"curies":[{"name":"wp","href":"https:\/\/api.w.org\/{rel}","templated":true}]}}