
{"id":13492,"date":"2025-06-29T00:50:58","date_gmt":"2025-06-28T22:50:58","guid":{"rendered":"https:\/\/www.saabpartsstock.com\/?post_type=product&#038;p=13492"},"modified":"2025-06-29T01:15:07","modified_gmt":"2025-06-28T23:15:07","slug":"suutekuunalde-komplekt-platina-saab-8819328","status":"publish","type":"product","link":"https:\/\/www.saabpartsstock.com\/et\/toode\/suutekuunalde-komplekt-platina-saab-8819328\/","title":{"rendered":"S\u00fc\u00fctek\u00fc\u00fcnalde komplekt (platina) SAAB 8819328"},"content":{"rendered":"<p>SAAB 99 M1976-1984<br \/>\nSAAB 900 Classic M1978-1989<\/p>\n<p>NGK varuosa kood: BP7EV<\/p>\n<p><span style=\"color: #0000ff;\">M\u00f5eldud mootorit\u00fc\u00fcbile B201 (8-klappi Turbo)<br \/>\n<\/span><\/p>\n<p><span style=\"color: #0000ff;\">Komplektis on 4 s\u00fc\u00fctek\u00fc\u00fcnalt<br \/>\nS\u00fc\u00fctek\u00fc\u00fcnlal on <strong>Platina keskelektrood<\/strong><\/span><\/p>\n<p><strong><span style=\"color: #0000ff;\">NB! Antud s\u00fc\u00fctek\u00fc\u00fcnlaid v\u00f5ib kasutada nii B201 8-klapilisel karburaatoriga kui ka B201 8-klapilisel sissepritsega mootoril!<\/span><\/strong><\/p>\n","protected":false},"excerpt":{"rendered":"<p>Tootja: SAAB Originaal <em>[NGK Spark Plug Co., LTD]<\/em><br \/>\nSeisukord: <span style=\"color: #000000;\"><span style=\"font-family: Liberation Serif, serif;\"><span style=\"font-size: medium;\"><a href=\"http:\/\/www.saabpartsstock.com\/et\/item-condition-explanation\/\"><span style=\"color: #0000ff;\">Uus varuosa<\/span><\/a><\/span><\/span><\/span><\/p>\n<p><strong><span style=\"color: #008000;\"><span class=\"HwtZe\" lang=\"et\"><span class=\"jCAhz ChMk0b\"><span class=\"ryNqvb\">Sobivust oma autole vaadake allolevast tootekirjeldusest.<\/span><\/span><\/span><\/span><\/strong><\/p>\n","protected":false},"featured_media":13497,"template":"","meta":{"_monsterinsights_skip_tracking":false,"_monsterinsights_sitenote_active":false,"_monsterinsights_sitenote_note":"","_monsterinsights_sitenote_category":0},"product_brand":[3522,3358],"product_cat":[126,3302,154,162,104,102,47,56],"product_tag":[3589,3721,3720,3719,3221,3219,3548,3220],"class_list":{"0":"post-13492","1":"product","2":"type-product","3":"status-publish","4":"has-post-thumbnail","6":"product_brand-ngk","7":"product_brand-saab","8":"product_cat-elektriosad-saab-900-classic-my1979-1993","9":"product_cat-elektriosad-saabide-teised-mudelid","10":"product_cat-hooldustarvikud","11":"product_cat-hooldustarvikud-saab-900-classic-my1979-1993","12":"product_cat-mootoriosad","13":"product_cat-mootoriosad-saab-900-classic-my1979-1993","14":"product_cat-saab-900-classic-my1979-1993","15":"product_cat-saabide-teised-mudelid","16":"product_tag-make-saab-great-again","17":"product_tag-need-for-swede","18":"product_tag-ngk-bp7ev","19":"product_tag-saab-8819328","20":"product_tag-saab-genuine-part","21":"product_tag-saab-originaal-varuosa","22":"product_tag-saab-original-et","23":"product_tag-saab-original-part","24":"pa_kategooria-uued-jarelturu-varuosad","25":"pa_kategooria-uued-originaal-varuosad","26":"pa_saab-mudel-saab-900-classic","27":"pa_valjalaske-aasta-1985-f","28":"pa_valjalaske-aasta-37","29":"pa_valjalaske-aasta-38","30":"pa_valjalaske-aasta-69","31":"pa_valjalaske-aasta-70","33":"first","34":"instock","35":"sale","36":"taxable","37":"shipping-taxable","38":"purchasable","39":"product-type-simple"},"aioseo_notices":[],"_links":{"self":[{"href":"https:\/\/www.saabpartsstock.com\/et\/wp-json\/wp\/v2\/product\/13492","targetHints":{"allow":["GET"]}}],"collection":[{"href":"https:\/\/www.saabpartsstock.com\/et\/wp-json\/wp\/v2\/product"}],"about":[{"href":"https:\/\/www.saabpartsstock.com\/et\/wp-json\/wp\/v2\/types\/product"}],"wp:featuredmedia":[{"embeddable":true,"href":"https:\/\/www.saabpartsstock.com\/et\/wp-json\/wp\/v2\/media\/13497"}],"wp:attachment":[{"href":"https:\/\/www.saabpartsstock.com\/et\/wp-json\/wp\/v2\/media?parent=13492"}],"wp:term":[{"taxonomy":"product_brand","embeddable":true,"href":"https:\/\/www.saabpartsstock.com\/et\/wp-json\/wp\/v2\/product_brand?post=13492"},{"taxonomy":"product_cat","embeddable":true,"href":"https:\/\/www.saabpartsstock.com\/et\/wp-json\/wp\/v2\/product_cat?post=13492"},{"taxonomy":"product_tag","embeddable":true,"href":"https:\/\/www.saabpartsstock.com\/et\/wp-json\/wp\/v2\/product_tag?post=13492"}],"curies":[{"name":"wp","href":"https:\/\/api.w.org\/{rel}","templated":true}]}}