
{"id":13652,"date":"2025-07-19T11:50:26","date_gmt":"2025-07-19T09:50:26","guid":{"rendered":"https:\/\/www.saabpartsstock.com\/?post_type=product&#038;p=13652"},"modified":"2025-11-24T23:54:05","modified_gmt":"2025-11-24T21:54:05","slug":"suutekuunalde-komplekt-bcpr6e-11","status":"publish","type":"product","link":"https:\/\/www.saabpartsstock.com\/et\/toode\/suutekuunalde-komplekt-bcpr6e-11\/","title":{"rendered":"S\u00fc\u00fctek\u00fc\u00fcnalde komplekt BCPR6E-11"},"content":{"rendered":"<p>SAAB 9000 M1988-1998 (s\u00fc\u00fctekassetiga autod)<br \/>\nSAAB 900NG M1994-1998\u00a0 (s\u00fc\u00fctekassetiga autod)<br \/>\nSAAB 9-3OG M1998-2003 (s\u00fc\u00fctekassetiga autod)<br \/>\nSAAB 9-5OG M1998-2010\u00a0 (B205E, B205L, B235E, B235L)<\/p>\n<p>NGK markeering: <strong><span style=\"color: #993300;\">BCPR6E-11<\/span><\/strong> niklist keskelektrood<\/p>\n<p><span style=\"color: #0000ff;\">Sobib mootorit\u00fc\u00fcpidele B202, B204, B234, B205E, B205L, B235E, B235L<br \/>\n<\/span><\/p>\n<p>Alternatiivsed varuosakoodid: 9117565, 30520467, 98079-56147, Z 2152 950, Z2152950, 22401-01P16, 22401-01P76, 22401-01P91, 22401-60V06<\/p>\n<p><span style=\"color: #0000ff;\"><strong>NB! S\u00fc\u00fctekasseti pika eluea tagamiseks kasuta AINULT mudelikohaseid NGK s\u00fc\u00fctek\u00fc\u00fcnlaid!<\/strong><\/span><\/p>\n","protected":false},"excerpt":{"rendered":"<p>Tootja: NGK Spark Plug Co., LTD<br \/>\nSeisukord: <span style=\"color: #000000;\"><span style=\"font-family: Liberation Serif, serif;\"><span style=\"font-size: medium;\"><a href=\"http:\/\/www.saabpartsstock.com\/et\/item-condition-explanation\/\"><span style=\"color: #0000ff;\">Uus varuosa<\/span><\/a><\/span><\/span><\/span><\/p>\n<p><strong><span style=\"color: #008000;\"><span class=\"HwtZe\" lang=\"et\"><span class=\"jCAhz ChMk0b\"><span class=\"ryNqvb\">Sobivust oma autole vaadake allolevast tootekirjeldusest.<\/span><\/span><\/span><\/span><\/strong><\/p>\n","protected":false},"featured_media":13654,"comment_status":"closed","ping_status":"closed","template":"","meta":{"_monsterinsights_skip_tracking":false,"_monsterinsights_sitenote_active":false,"_monsterinsights_sitenote_note":"","_monsterinsights_sitenote_category":0},"product_brand":[3522],"product_cat":[167,109,139,165,156,157,158,160,100,101,96,97,52,53,50,51],"product_tag":[3538,3540,3822,3544,3545,3546,3547,3543,3539,3221,3219,3548,3220,3541,3542],"class_list":{"0":"post-13652","1":"product","2":"type-product","3":"status-publish","4":"has-post-thumbnail","6":"product_brand-ngk","7":"product_cat-elektriosad-saab-9000-my1985-1998","8":"product_cat-elektriosad-saab-9-5-my1998-2010","9":"product_cat-elektriosad-saab-9-3-my1998-2002","10":"product_cat-elektriosad-saab-900ng-my1994-1998","11":"product_cat-hooldustarvikud-saab-9-5-my1998-2010","12":"product_cat-hooldustarvikud-saab-9-3-my1998-2002","13":"product_cat-hooldustarvikud-saab-900ng-my1994-1998","14":"product_cat-hooldustarvikud-saab-9000-my1985-1998","15":"product_cat-mootoriosad-saab-9-5-my1998-2010","16":"product_cat-mootoriosad-saab-9000-my1985-1998","17":"product_cat-mootoriosad-saab-900ng-my1994-1998","18":"product_cat-mootoriosad-saab-9-3-my1998-2002","19":"product_cat-saab-9-3-my1998-2002","20":"product_cat-saab-9-5-my1998-2010","21":"product_cat-saab-9000-my1985-1998","22":"product_cat-saab-900ng-my1994-1998","23":"product_tag-22401-01p16","24":"product_tag-98079-56147","25":"product_tag-ngk-bcpr6e-11","26":"product_tag-nissan-22401-01p16","27":"product_tag-nissan-22401-01p76","28":"product_tag-nissan-22401-01p91","29":"product_tag-nissan-22401-60v06","30":"product_tag-saab-30520467","31":"product_tag-saab-9117565","32":"product_tag-saab-genuine-part","33":"product_tag-saab-originaal-varuosa","34":"product_tag-saab-original-et","35":"product_tag-saab-original-part","36":"product_tag-z-2152-950","37":"product_tag-z2152950","38":"pa_kategooria-uued-jarelturu-varuosad","39":"pa_kategooria-uued-originaal-varuosad","40":"pa_saab-mudel-saab-9-3og","41":"pa_saab-mudel-saab-9-5","42":"pa_saab-mudel-saab-9000","43":"pa_saab-mudel-saab-900ng","44":"pa_valjalaske-aasta-69","45":"pa_valjalaske-aasta-70","46":"pa_valjalaske-aasta-71","47":"pa_valjalaske-aasta-72","48":"pa_valjalaske-aasta-73","49":"pa_valjalaske-aasta-74","50":"pa_valjalaske-aasta-75","51":"pa_valjalaske-aasta-76","52":"pa_valjalaske-aasta-77","53":"pa_valjalaske-aasta-78","54":"pa_valjalaske-aasta-79","55":"pa_valjalaske-aasta-80","56":"pa_valjalaske-aasta-81","57":"pa_valjalaske-aasta-82","58":"pa_valjalaske-aasta-83","59":"pa_valjalaske-aasta-84","60":"pa_valjalaske-aasta-85","61":"pa_valjalaske-aasta-86","62":"pa_valjalaske-aasta-87","63":"pa_valjalaske-aasta-88","64":"pa_valjalaske-aasta-89","65":"pa_valjalaske-aasta-90","66":"pa_valjalaske-aasta-91","68":"first","69":"outofstock","70":"sale","71":"taxable","72":"shipping-taxable","73":"purchasable","74":"product-type-simple"},"aioseo_notices":[],"_links":{"self":[{"href":"https:\/\/www.saabpartsstock.com\/et\/wp-json\/wp\/v2\/product\/13652","targetHints":{"allow":["GET"]}}],"collection":[{"href":"https:\/\/www.saabpartsstock.com\/et\/wp-json\/wp\/v2\/product"}],"about":[{"href":"https:\/\/www.saabpartsstock.com\/et\/wp-json\/wp\/v2\/types\/product"}],"replies":[{"embeddable":true,"href":"https:\/\/www.saabpartsstock.com\/et\/wp-json\/wp\/v2\/comments?post=13652"}],"wp:featuredmedia":[{"embeddable":true,"href":"https:\/\/www.saabpartsstock.com\/et\/wp-json\/wp\/v2\/media\/13654"}],"wp:attachment":[{"href":"https:\/\/www.saabpartsstock.com\/et\/wp-json\/wp\/v2\/media?parent=13652"}],"wp:term":[{"taxonomy":"product_brand","embeddable":true,"href":"https:\/\/www.saabpartsstock.com\/et\/wp-json\/wp\/v2\/product_brand?post=13652"},{"taxonomy":"product_cat","embeddable":true,"href":"https:\/\/www.saabpartsstock.com\/et\/wp-json\/wp\/v2\/product_cat?post=13652"},{"taxonomy":"product_tag","embeddable":true,"href":"https:\/\/www.saabpartsstock.com\/et\/wp-json\/wp\/v2\/product_tag?post=13652"}],"curies":[{"name":"wp","href":"https:\/\/api.w.org\/{rel}","templated":true}]}}