
{"id":14084,"date":"2025-11-22T20:15:15","date_gmt":"2025-11-22T18:15:15","guid":{"rendered":"https:\/\/www.saabpartsstock.com\/?post_type=product&#038;p=14084"},"modified":"2025-12-03T12:00:01","modified_gmt":"2025-12-03T10:00:01","slug":"saab-esinduse-reklaam-valguskast-kasutatud","status":"publish","type":"product","link":"https:\/\/www.saabpartsstock.com\/et\/toode\/saab-esinduse-reklaam-valguskast-kasutatud\/","title":{"rendered":"SAAB esinduse reklaam valguskast, kasutatud"},"content":{"rendered":"<p>See originaal valgustatud SAABi diileri silt on 3630 mm lai ja 950 mm k\u00f5rge ning kuvab sinisel taustal tasapinnalist teksti \u201eSAAB\u201c. Sisevalgustuse tagavad luminofoorlambid mis on \u00fchendatud 220-voldise pingestamise v\u00f5imalusega. M\u00fc\u00fcja omandas selle valgustatud SAABi sildi 2013. aastal ja seda m\u00fc\u00fcakse n\u00fc\u00fcd Rapla maakonnas, Eestis, EL-is ilma reservatsioonita.<\/p>\n<p>Valge \u201eSAAB\u201c kiri sinisel taustal. Ristk\u00fclikukujulise sildi m\u00f5\u00f5tmed on 3630 mm lai ja 950 mm k\u00f5rge ning 170 mm s\u00fcgav. Silt kaalub umbes 115 kg. Sisevalgustuse tagavad luminofoorlambid.<\/p>\n<p>Eelpuuritud kinnitusaugud, kinnituskronsad (2 tk allosas) ja kaheharuline toitejuhe koos harutoosiga asuvad korpuse tagak\u00fcljel.<\/p>\n","protected":false},"excerpt":{"rendered":"<p>Tootja: SAAB Automobile AB<br \/>\nSeisukord: <span style=\"color: #000000;\"><span style=\"font-family: Liberation Serif, serif;\"><span style=\"font-size: medium;\"><a href=\"https:\/\/saabpartsstock.com\/et\/item-condition-explanation\/\"><span style=\"color: #0000ff;\">Kasutatud<\/span><\/a><\/span><\/span><\/span><\/p>\n<p><strong><span style=\"color: #008000;\">Toote kirjeldus on vasakul all!<\/span><\/strong><\/p>\n<p><strong><span style=\"color: #ff0000;\">T\u00c4HELEPANU!<\/span><\/strong><br \/>\n<span style=\"color: #0000ff;\">Oksjonil osaleja m\u00f5istab, et kui tema pakkumine j\u00e4\u00e4b parimaks, v\u00f5tab ta sellega endale finantskohustuse. Oksjonil pakkumise tegemine loetakse kinnituseks, et pakkuja n\u00f5ustub oksjoni tingimustega ja saabpartsstock.com <a href=\"https:\/\/www.saabpartsstock.com\/et\/tellimistingimused\/\">kasutajatingimustega ja reeglitega<\/a>. <\/span><br \/>\n<span style=\"color: #0000ff;\"><br \/>\nEnampakkumisel oleval esemel puudub garantii ja see ei kuulu tagastamisele.<\/span><\/p>\n<p><span style=\"color: #0000ff;\">Kauba ostust loobudes on oksjoni v\u00f5itja kohustatud tasuma leppetrahvi 20% ulatuses parima pakkumise hinnast, aga mitte v\u00e4hem kui 300 eurot.<\/span><br \/>\n<span style=\"color: #0000ff;\"><br \/>\nOksjonil osaleja teadvustab endale, et tegemist on kasutatud eseme m\u00fc\u00fcgiga, mille juures v\u00f5ib esineda m\u00fc\u00fcjale mitte teadaolevaid vigu ja puuduseid. Sellep\u00e4rast palume eseme seisundiga eelnevalt tutvuda &#8211; p\u00e4rast oksjoni l\u00f5ppemist toimub \u00fcksnes v\u00f5idetud kauba eest maksmine ja \u00fcleandmine. <\/span><br \/>\n<span style=\"color: #0000ff;\"><br \/>\nK\u00fcsimuste esitamine ja nendele vastamine toimub vaid ennem oksjoni l\u00f5ppemist. <\/span><br \/>\n<span style=\"color: #0000ff;\"><br \/>\n<strong>Oksjoniga v\u00f5idate Te eriti haruldase eseme!<\/strong><\/span><\/p>\n<p><span style=\"color: #0000ff;\">Kui pakkumine tehakse ilma eelneva tutvumiseta, siis v\u00f5tab pakkuja ise teadlikult riski, et ostetav kaup ei pruugi vastata tema ootustele.<\/span><br \/>\n<span style=\"color: #0000ff;\"><br \/>\nT\u00e4htajaks maksmata leppetrahvi puhul p\u00f6\u00f6rdub oksjoni korraldaja Inkasso poole, kes leppetrahvi ja sellega kaasnevad kulud sisse n\u00f5uab. <strong>Sellest asjaolust l\u00e4htuvalt palume olla oma pakkumises t\u00e4ielikult kindel.<\/strong><\/span><\/p>\n","protected":false},"featured_media":14089,"template":"","meta":{"_monsterinsights_skip_tracking":false,"_monsterinsights_sitenote_active":false,"_monsterinsights_sitenote_note":"","_monsterinsights_sitenote_category":0},"product_brand":[3358],"product_cat":[48],"product_tag":[4127,4117,4118,4264],"class_list":{"0":"post-14084","1":"product","2":"type-product","3":"status-publish","4":"has-post-thumbnail","6":"product_brand-saab","7":"product_cat-fanni-keskkond","8":"product_tag-genuine-saab-product","9":"product_tag-illuminated-saab-dealer-sign","10":"product_tag-saab-esinduse-reklaam-valguskast","11":"product_tag-saab-pylon-for-sale","12":"pa_kategooria-kasutatud-varuosad","13":"pa_kategooria-saab-meened","14":"pa_materjal-alumiinium","15":"pa_materjal-plastik","17":"first","18":"instock","19":"taxable","20":"shipping-taxable","21":"purchasable","22":"product-type-auction"},"aioseo_notices":[],"_links":{"self":[{"href":"https:\/\/www.saabpartsstock.com\/et\/wp-json\/wp\/v2\/product\/14084","targetHints":{"allow":["GET"]}}],"collection":[{"href":"https:\/\/www.saabpartsstock.com\/et\/wp-json\/wp\/v2\/product"}],"about":[{"href":"https:\/\/www.saabpartsstock.com\/et\/wp-json\/wp\/v2\/types\/product"}],"wp:featuredmedia":[{"embeddable":true,"href":"https:\/\/www.saabpartsstock.com\/et\/wp-json\/wp\/v2\/media\/14089"}],"wp:attachment":[{"href":"https:\/\/www.saabpartsstock.com\/et\/wp-json\/wp\/v2\/media?parent=14084"}],"wp:term":[{"taxonomy":"product_brand","embeddable":true,"href":"https:\/\/www.saabpartsstock.com\/et\/wp-json\/wp\/v2\/product_brand?post=14084"},{"taxonomy":"product_cat","embeddable":true,"href":"https:\/\/www.saabpartsstock.com\/et\/wp-json\/wp\/v2\/product_cat?post=14084"},{"taxonomy":"product_tag","embeddable":true,"href":"https:\/\/www.saabpartsstock.com\/et\/wp-json\/wp\/v2\/product_tag?post=14084"}],"curies":[{"name":"wp","href":"https:\/\/api.w.org\/{rel}","templated":true}]}}