
{"id":14303,"date":"2025-11-19T15:48:51","date_gmt":"2025-11-19T13:48:51","guid":{"rendered":"https:\/\/www.saabpartsstock.com\/?post_type=product&#038;p=14303"},"modified":"2026-01-28T12:01:58","modified_gmt":"2026-01-28T10:01:58","slug":"mudelauto-saab-900-aero-klassik-kabriolett-164-t-punane-metallik","status":"publish","type":"product","link":"https:\/\/www.saabpartsstock.com\/et\/toode\/mudelauto-saab-900-aero-klassik-kabriolett-164-t-punane-metallik\/","title":{"rendered":"Mudelauto SAAB 900 Aero Klassik Kabriolett 1:64 t.punane metallik"},"content":{"rendered":"<p>Kollektsion\u00e4\u00e4ri mudelauto SAAB 900 Turbo Aero Klassik 2-uksega Kabriolett M1991<br \/>\nV\u00e4rv: Tumepunane metallik<br \/>\n1:64 m\u00f5\u00f5tkavas<\/p>\n<p><strong>L\u00fchikokkuv\u00f5te:<\/strong><br \/>\n<span style=\"color: #0000ff;\"><em><a style=\"color: #0000ff;\" href=\"https:\/\/en.wikipedia.org\/wiki\/Saab_900\">SAAB 900 Klassik Kabriolet<\/a><\/em><\/span>i esmaesitlus toimus Frankfurdi auton\u00e4itusel (IAA) 1983. aasta s\u00fcgisel. Esimene protot\u00fc\u00fcp \u00e4ratas tohutut huvi ja 1984. aasta aprillis otsustas Saab auto Soomes Valmet Automotive&#8217;is tootmisse panna. Esimesed 900 kabrioletid v\u00e4ljusid tootmisliinilt 1986. aasta kevadel.<\/p>\n<p>Kabriolettidele paigaldati \u00fcldjuhul 16-klapiline turbomootor, m\u00f5nele ka vahejahutiga ehk t\u00e4issurve turbo mootor (peamiselt USA turule), ning alates 1991. aastast pakuti m\u00f5nedele turgudele ka 2,1-liitrise vabalt hingava sissepritsega mootoriga varianti.<br \/>\nSAAB 900 kabriolett oli aastatel 1986\u20131994 \u00fcks parimaid seeriatootmises olnud kabriolette kogu maailmas, seda nii disaini kui ka tehnilise teostuse poolest.<br \/>\nT\u00e4na v\u00f5ime \u00f6elda, et SAAB 900 Classic Cabrio on teenitult p\u00e4lvinud klassikalise auto nime.<br \/>\nLisateavet saate lugeda <em><span style=\"color: #0000ff;\"><a style=\"color: #0000ff;\" href=\"https:\/\/en.wikipedia.org\/wiki\/Saab_900\">siit<\/a><\/span><\/em>.<\/p>\n","protected":false},"excerpt":{"rendered":"<p>Tootja: TARMAC<br \/>\nSeisukord: <a href=\"http:\/\/www.saabpartsstock.com\/et\/item-condition-explanation\/\">Uus<\/a><\/p>\n<p><strong><span style=\"color: #008000;\">Haruldus siin saadaval!<\/span><\/strong><\/p>\n","protected":false},"featured_media":14305,"template":"","meta":{"_monsterinsights_skip_tracking":false,"_monsterinsights_sitenote_active":false,"_monsterinsights_sitenote_note":"","_monsterinsights_sitenote_category":0},"product_brand":[3722],"product_cat":[48],"product_tag":[4248,1865,3724,1831,1838,1832,4247,4246,3726,3727,2102,3723,4245,3912],"class_list":{"0":"post-14303","1":"product","2":"type-product","3":"status-publish","4":"has-post-thumbnail","6":"product_brand-tarmac","7":"product_cat-fanni-keskkond","8":"product_tag-4248","9":"product_tag-business-gift","10":"product_tag-in-scale-164","11":"product_tag-kvaliteetne-meene","12":"product_tag-model-car","13":"product_tag-quality-saab-expression","14":"product_tag-saab-900-turbo-aero-classic-in-red-metal","15":"product_tag-saab-900-turbo-aero-classic-punane-metallik","16":"product_tag-saab-convertible-164","17":"product_tag-saab-in-scale-164","18":"product_tag-saab-scale-model","19":"product_tag-tarmac-model-cars","20":"product_tag-tarmac-t64g-067-re","21":"product_tag-tarmac-works","22":"pa_kategooria-saab-meened","23":"pa_kere-varv-tumepunane-metallik","24":"pa_materjal-vaik","25":"pa_mootkava-3729","26":"pa_saab-mudel-saab-900-classic","27":"pa_valjalaske-aasta-72","29":"first","30":"instock","31":"sale","32":"taxable","33":"shipping-taxable","34":"purchasable","35":"product-type-simple"},"aioseo_notices":[],"_links":{"self":[{"href":"https:\/\/www.saabpartsstock.com\/et\/wp-json\/wp\/v2\/product\/14303","targetHints":{"allow":["GET"]}}],"collection":[{"href":"https:\/\/www.saabpartsstock.com\/et\/wp-json\/wp\/v2\/product"}],"about":[{"href":"https:\/\/www.saabpartsstock.com\/et\/wp-json\/wp\/v2\/types\/product"}],"wp:featuredmedia":[{"embeddable":true,"href":"https:\/\/www.saabpartsstock.com\/et\/wp-json\/wp\/v2\/media\/14305"}],"wp:attachment":[{"href":"https:\/\/www.saabpartsstock.com\/et\/wp-json\/wp\/v2\/media?parent=14303"}],"wp:term":[{"taxonomy":"product_brand","embeddable":true,"href":"https:\/\/www.saabpartsstock.com\/et\/wp-json\/wp\/v2\/product_brand?post=14303"},{"taxonomy":"product_cat","embeddable":true,"href":"https:\/\/www.saabpartsstock.com\/et\/wp-json\/wp\/v2\/product_cat?post=14303"},{"taxonomy":"product_tag","embeddable":true,"href":"https:\/\/www.saabpartsstock.com\/et\/wp-json\/wp\/v2\/product_tag?post=14303"}],"curies":[{"name":"wp","href":"https:\/\/api.w.org\/{rel}","templated":true}]}}