
{"id":14596,"date":"2026-02-15T13:31:11","date_gmt":"2026-02-15T11:31:11","guid":{"rendered":"https:\/\/www.saabpartsstock.com\/?post_type=product&#038;p=14596"},"modified":"2026-02-15T15:40:57","modified_gmt":"2026-02-15T13:40:57","slug":"saab-9-5-wagon-23-aero-juubeli-valjalase-my2007","status":"publish","type":"product","link":"https:\/\/www.saabpartsstock.com\/et\/toode\/saab-9-5-wagon-23-aero-juubeli-valjalase-my2007\/","title":{"rendered":"SAAB 9-5 Wagon 2,3 Aero Juubeli v\u00e4ljalase MY2007"},"content":{"rendered":"<p><strong><span style=\"text-decoration: underline;\">SAAB 9-5OG Wagon 2,3 Turbo Aero Juubeli v\u00e4ljalase MY2007<\/span>*<\/strong><br \/>\n<strong><br \/>\n<\/strong>Liik:\u00a0 s\u00f5iduauto<br \/>\nKeret\u00fc\u00fcp: universaal<br \/>\nEsmane reg.: 20.06.2007<br \/>\nMootor: B235R (191 kW)<br \/>\nK\u00fctus: bensiin<br \/>\nL\u00e4bis\u00f5idum\u00f5\u00f5diku n\u00e4it: 128500 km<br \/>\nVedav sild: esivedu<br \/>\nK\u00e4igukast: automaat (5-k\u00e4iku)<br \/>\nV\u00e4rvus: Juubeli sinine met. (Ice Blue BC304)<br \/>\nParandusv\u00e4rvi kood: 12769002<br \/>\nVIN-kood: YS3EH59G073519112<br \/>\n<strong>Hind: 14550 EUR<\/strong><br \/>\n<strong> KM 0% (k\u00e4ibemaksu ei lisandu)<\/strong><\/p>\n<p><span style=\"text-decoration: underline;\"><strong>Turva- ja ohutusvarustus:<\/strong><\/span><br \/>\nrooliv\u00f5imendi<br \/>\nkesklukustus (puldiga)<br \/>\nABS pidurid<br \/>\n4 x turvapadi<br \/>\nsignalisatsioon<br \/>\nimmobilisaator<br \/>\nlisapidurituli<br \/>\nturvav\u00f6\u00f6de eelpingutid esiistmetel<\/p>\n<p><span style=\"text-decoration: underline;\"><strong>Mugavusvarustus:<\/strong><\/span><br \/>\nkliimaautomaatik<br \/>\n4 x elektrilised akende t\u00f5stukid<br \/>\nelektrilised v\u00e4lispeeglid (soojendusega, kokkuklapitavad)<br \/>\ntoonitud klaasid<br \/>\n2 x peeglid p\u00e4ikesesirmides (valgustusega)<br \/>\nkohtvalgustid<\/p>\n<p><span style=\"text-decoration: underline;\"><strong>Sisustus:<\/strong><\/span><br \/>\nSAAB t\u00e4is kahev\u00e4rviline nahkpolster (must + helesinine)<br \/>\nelektiliselt reguleeritavad esiistmed (juhiiste on\u00a0m\u00e4lufunktsiooniga)<br \/>\n2 x istmesoojendused (esiistmed)<br \/>\nreguleeritav roolisammas (s\u00fcgavus ja k\u00f5rgus)<br \/>\nmultifunktsionaalne rool<br \/>\nk\u00e4etugi ees (laekaga)<br \/>\nk\u00e4etugi taga<br \/>\njalamatid (tekstiilist)<\/p>\n<p><span style=\"text-decoration: underline;\"><strong>Audio, video, kommunikatsioon:<\/strong><\/span><br \/>\nSAAB CD-Raadio (SAAB originaal)<br \/>\nk\u00f5larid<br \/>\nautokompuuter<\/p>\n<p><span style=\"text-decoration: underline;\"><strong>Rehvid ja veljed:<\/strong><\/span><br \/>\n17&#8243; lamellrehvid<br \/>\nvaluveljed SAAB originaal &#8220;5-Spoke High Split Anniversary Edition&#8221;<br \/>\n(SAAB ALU74 7,5 x 17&#8243;)<\/p>\n<p><span style=\"text-decoration: underline;\"><strong>Tuled:<\/strong><\/span><br \/>\nBiksenoon esituled<br \/>\nesitulede survepesurid<br \/>\nudutuled (eesmised, tagumine)<br \/>\nautomaatne tulede korrektor<\/p>\n<p><span style=\"text-decoration: underline;\"><strong>Muu varustus:<\/strong><\/span><br \/>\nv\u00e4listemperatuuri n\u00e4idik<br \/>\nkatusereelingud<br \/>\ntagaklaasi soojendus<br \/>\npagasikate<br \/>\ntagaklaasi puhasti<br \/>\n2 v\u00f5tit + 2 pulti<\/p>\n<p>* Tallinna ja Harjumaa piires toome auto koju k\u00e4tte!<\/p>\n","protected":false},"excerpt":{"rendered":"<p><span style=\"color: #000000;\"><span style=\"font-family: Liberation Serif, serif;\"><span style=\"font-size: medium;\">Tootja: SAAB Automobile AB<br \/>\nSeisukord: <span style=\"color: #000000;\">Kasutatud<\/span><\/span><\/span><\/span><\/p>\n<p>Auto on seisnud kuivas garaa\u017eis alates 2016 s\u00fcgisest.<br \/>\nTehniliselt heas korras.<br \/>\nOdomeetri lugem on t\u00f5ene.<br \/>\nPaaris kohas tagatiiva servas on kerget roostet m\u00e4rgata.<br \/>\nRegistreerimistasu 672,55\u20ac EI KUULU auto m\u00fc\u00fcgihinna sisse vaid tuleb tasuda uuel omanikul!<\/p>\n","protected":false},"featured_media":14633,"template":"","meta":{"_monsterinsights_skip_tracking":false,"_monsterinsights_sitenote_active":false,"_monsterinsights_sitenote_note":"","_monsterinsights_sitenote_category":0},"product_brand":[3358],"product_cat":[1662],"product_tag":[4448,4447,1881,4445,1880,4449,4444,4446,1830],"class_list":{"0":"post-14596","1":"product","2":"type-product","3":"status-publish","4":"has-post-thumbnail","6":"product_brand-saab","7":"product_cat-autod-muugiks","8":"product_tag-5-spoke-high-split-anniversary-edition","9":"product_tag-alu74","10":"product_tag-cars-for-sale","11":"product_tag-juubeli-valjalase-m2007","12":"product_tag-muugiautod","13":"product_tag-saab-12769002","14":"product_tag-saab-9-5-wagon-2-3-aero","15":"product_tag-saab-automobile-ab","16":"product_tag-saab-genuine-used","17":"pa_kategooria-muugiautod","18":"pa_kere-varv-helesinine-metallik","19":"pa_saab-mudel-saab-9-5","20":"pa_valjalaske-aasta-88","22":"first","23":"instock","24":"taxable","25":"shipping-taxable","26":"purchasable","27":"product-type-simple"},"aioseo_notices":[],"_links":{"self":[{"href":"https:\/\/www.saabpartsstock.com\/et\/wp-json\/wp\/v2\/product\/14596","targetHints":{"allow":["GET"]}}],"collection":[{"href":"https:\/\/www.saabpartsstock.com\/et\/wp-json\/wp\/v2\/product"}],"about":[{"href":"https:\/\/www.saabpartsstock.com\/et\/wp-json\/wp\/v2\/types\/product"}],"wp:featuredmedia":[{"embeddable":true,"href":"https:\/\/www.saabpartsstock.com\/et\/wp-json\/wp\/v2\/media\/14633"}],"wp:attachment":[{"href":"https:\/\/www.saabpartsstock.com\/et\/wp-json\/wp\/v2\/media?parent=14596"}],"wp:term":[{"taxonomy":"product_brand","embeddable":true,"href":"https:\/\/www.saabpartsstock.com\/et\/wp-json\/wp\/v2\/product_brand?post=14596"},{"taxonomy":"product_cat","embeddable":true,"href":"https:\/\/www.saabpartsstock.com\/et\/wp-json\/wp\/v2\/product_cat?post=14596"},{"taxonomy":"product_tag","embeddable":true,"href":"https:\/\/www.saabpartsstock.com\/et\/wp-json\/wp\/v2\/product_tag?post=14596"}],"curies":[{"name":"wp","href":"https:\/\/api.w.org\/{rel}","templated":true}]}}