
{"id":14622,"date":"2026-02-14T10:30:27","date_gmt":"2026-02-14T08:30:27","guid":{"rendered":"https:\/\/www.saabpartsstock.com\/?post_type=product&#038;p=14622"},"modified":"2026-02-14T14:27:25","modified_gmt":"2026-02-14T12:27:25","slug":"haagisekonksu-veopea-plastkate-saab-i-kiri-logoga-kollane","status":"publish","type":"product","link":"https:\/\/www.saabpartsstock.com\/et\/toode\/haagisekonksu-veopea-plastkate-saab-i-kiri-logoga-kollane\/","title":{"rendered":"Haagisekonksu veopea plastkate SAAB-i Kiri logoga, kollane"},"content":{"rendered":"<p><strong><span style=\"color: #ff6600;\">Tee oma SAAB-ile kingitus!<\/span><\/strong><\/p>\n<p>Sobib k\u00f5igile SAABidele millel on 50mm l\u00e4bim\u00f5\u00f5duga munaliigendiga haagisekonks.<span id=\"result_box\" class=\"\" lang=\"et\"><br \/>\nTegemist stiilielemendiga mis annab Sinu SAAB-ile personaalse v\u00e4limuse<span class=\"\">.<\/span><\/span><\/p>\n<p>&nbsp;<\/p>\n","protected":false},"excerpt":{"rendered":"<p>Tootja: SaabPartsStock eritellimus (j\u00e4relturu toode)<br \/>\nSeisukord: <a href=\"http:\/\/www.saabpartsstock.com\/et\/item-condition-explanation\/\"><span style=\"color: #0000ff;\">Uus<\/span><\/a><\/p>\n<p>Suurep\u00e4rane kingiidee igale t\u00f5elisele SAAB-i f\u00e4nnile!<br \/>\n<span id=\"result_box\" class=\"\" lang=\"et\">Sobib k\u00f5igile SAABidele millel on 50mm l\u00e4bim\u00f5\u00f5duga munaliigendiga haagisekonks.<br \/>\nTegemist stiilielemendiga, mis annab Sinu SAAB-ile personaalse v\u00e4limuse<span class=\"\">.<br \/>\n<\/span><\/span><br \/>\n<strong><span style=\"color: #0000ff;\">Keri allapoole ja loe sealt lisa!<\/span><\/strong><\/p>\n","protected":false},"featured_media":14618,"template":"","meta":{"_monsterinsights_skip_tracking":false,"_monsterinsights_sitenote_active":false,"_monsterinsights_sitenote_note":"","_monsterinsights_sitenote_category":0},"product_brand":[3367],"product_cat":[48,161,163,137,60,153,61,159,62,54,52,53,55,47,50,51,56],"product_tag":[3098,3099,4443,1831,3261,1832,1840,2660,3101,2662],"class_list":{"0":"post-14622","1":"product","2":"type-product","3":"status-publish","4":"has-post-thumbnail","6":"product_brand-saabpartsstock-own","7":"product_cat-fanni-keskkond","8":"product_cat-lisavarustus-saab-9000-my1985-1998","9":"product_cat-lisavarustus-saab-900-classic-my1979-1993","10":"product_cat-lisavarustus-saab-9-3-my1998-2002","11":"product_cat-lisavarustus-saab-9-5ng-9-4x-my2010-2012","12":"product_cat-lisavarustus","13":"product_cat-lisavarustus-saab-9-3-ss-sc-my2003-2014","14":"product_cat-lisavarustus-saab-900ng-my1994-1998","15":"product_cat-lisavarustus-saab-9-5-my1998-2010","16":"product_cat-saab-9-3-ss-sc-my2003-2014","17":"product_cat-saab-9-3-my1998-2002","18":"product_cat-saab-9-5-my1998-2010","19":"product_cat-saab-9-5ng-9-4x-my2010-2012","20":"product_cat-saab-900-classic-my1979-1993","21":"product_cat-saab-9000-my1985-1998","22":"product_cat-saab-900ng-my1994-1998","23":"product_cat-saabide-teised-mudelid","24":"product_tag-a-great-gift-idea-for-any-real-saab-fan","25":"product_tag-every-detail-is-important","26":"product_tag-haagisekonksu-veopea-plastkate-saab-i-kiri-logoga-kollane","27":"product_tag-kvaliteetne-meene","28":"product_tag-praktiline-meene","29":"product_tag-quality-saab-expression","30":"product_tag-saab","31":"product_tag-saab-accessory","32":"product_tag-saab-fan-stuff","33":"product_tag-saab-sign-logo","34":"pa_kategooria-lisavarustuse-tooted-nii-uued-kui-kasutatud","35":"pa_kategooria-saab-meened","36":"pa_kategooria-uued-jarelturu-varuosad","37":"pa_materjal-plastik","38":"pa_saab-mudel-all-other-saab-models","39":"pa_saab-mudel-saab-9-3-ss-or-sc-or-cv","40":"pa_saab-mudel-saab-9-3og","41":"pa_saab-mudel-saab-9-5","42":"pa_saab-mudel-saab-9-5ng-saab-9-4x","43":"pa_saab-mudel-saab-900-classic","44":"pa_saab-mudel-saab-9000","45":"pa_saab-mudel-saab-900ng","46":"pa_varvus-kollane","48":"first","49":"instock","50":"taxable","51":"shipping-taxable","52":"purchasable","53":"product-type-simple"},"aioseo_notices":[],"_links":{"self":[{"href":"https:\/\/www.saabpartsstock.com\/et\/wp-json\/wp\/v2\/product\/14622","targetHints":{"allow":["GET"]}}],"collection":[{"href":"https:\/\/www.saabpartsstock.com\/et\/wp-json\/wp\/v2\/product"}],"about":[{"href":"https:\/\/www.saabpartsstock.com\/et\/wp-json\/wp\/v2\/types\/product"}],"wp:featuredmedia":[{"embeddable":true,"href":"https:\/\/www.saabpartsstock.com\/et\/wp-json\/wp\/v2\/media\/14618"}],"wp:attachment":[{"href":"https:\/\/www.saabpartsstock.com\/et\/wp-json\/wp\/v2\/media?parent=14622"}],"wp:term":[{"taxonomy":"product_brand","embeddable":true,"href":"https:\/\/www.saabpartsstock.com\/et\/wp-json\/wp\/v2\/product_brand?post=14622"},{"taxonomy":"product_cat","embeddable":true,"href":"https:\/\/www.saabpartsstock.com\/et\/wp-json\/wp\/v2\/product_cat?post=14622"},{"taxonomy":"product_tag","embeddable":true,"href":"https:\/\/www.saabpartsstock.com\/et\/wp-json\/wp\/v2\/product_tag?post=14622"}],"curies":[{"name":"wp","href":"https:\/\/api.w.org\/{rel}","templated":true}]}}