
{"id":14702,"date":"2026-02-21T20:04:04","date_gmt":"2026-02-21T18:04:04","guid":{"rendered":"https:\/\/www.saabpartsstock.com\/?post_type=product&#038;p=14702"},"modified":"2026-02-21T21:10:30","modified_gmt":"2026-02-21T19:10:30","slug":"ootshoova-komplekt-ilma-sarniirita-vasak-esimene","status":"publish","type":"product","link":"https:\/\/www.saabpartsstock.com\/et\/toode\/ootshoova-komplekt-ilma-sarniirita-vasak-esimene\/","title":{"rendered":"\u00d5\u00f5tshoova komplekt ilma sarniirita, vasak esimene"},"content":{"rendered":"<p>SAAB 9-5OG MY1998-2010<br \/>\nKomplekti kuuluvad:<br \/>\n1. \u00d5\u00f5tshoob, vasak<br \/>\n2. Esi\u00f5\u00f5tsa tagumine suur puks (sailendplokk ProParts 61343374)<\/p>\n<p><span style=\"color: #0000ff;\">\u00d5\u00d5tshoovas on 10mm \u0161arniiri kinnituspoldi avad<\/span><\/p>\n<p>Alternatiivsed varuosa koodid: 5236641, 5236674<\/p>\n","protected":false},"excerpt":{"rendered":"<p>Tootja: Professional Parts Sweden<br \/>\n<span style=\"color: #000000;\"><span style=\"font-family: Liberation Serif, serif;\"><span style=\"font-size: medium;\">Seisukord: <a href=\"https:\/\/saabpartsstock.com\/et\/item-condition-explanation\/\"><span style=\"color: #0000ff;\">Uus varuosa<\/span><\/a><br \/>\n<strong><span style=\"color: #008000;\"><span class=\"HwtZe\" lang=\"et\"><span class=\"jCAhz ChMk0b\"><span class=\"ryNqvb\">Sobivust oma autole vaadake allolevast tootekirjeldusest.<\/span><\/span><\/span><\/span><\/strong><\/span><\/span><\/span><\/p>\n","protected":false},"featured_media":14713,"template":"","meta":{"_monsterinsights_skip_tracking":false,"_monsterinsights_sitenote_active":false,"_monsterinsights_sitenote_note":"","_monsterinsights_sitenote_category":0},"product_brand":[3359],"product_cat":[53,116],"product_tag":[4476,3170,3138,1846,4473,3181,4471,4472,4474,4475],"class_list":{"0":"post-14702","1":"product","2":"type-product","3":"status-publish","4":"has-post-thumbnail","6":"product_brand-proparts","7":"product_cat-saab-9-5-my1998-2010","8":"product_cat-veermiku-ja-vedrustuse-osad-saab-9-5-my1998-2010","9":"product_tag-control-arm-kit-without-ball-joint-left","10":"product_tag-kvaliteetne-jarelturu-varuosa-et","11":"product_tag-professional-parts-sweden-et","12":"product_tag-proparts","13":"product_tag-proparts-61345281","14":"product_tag-quality-aftermarket-part-et","15":"product_tag-saab-32019873","16":"product_tag-saab-5233374","17":"product_tag-saab-5236641","18":"product_tag-saab-5236674","19":"pa_kategooria-uued-jarelturu-varuosad","20":"pa_saab-mudel-saab-9-5","21":"pa_valjalaske-aasta-78","22":"pa_valjalaske-aasta-79","23":"pa_valjalaske-aasta-80","24":"pa_valjalaske-aasta-81","25":"pa_valjalaske-aasta-82","26":"pa_valjalaske-aasta-83","27":"pa_valjalaske-aasta-84","28":"pa_valjalaske-aasta-85","29":"pa_valjalaske-aasta-86","30":"pa_valjalaske-aasta-87","31":"pa_valjalaske-aasta-88","32":"pa_valjalaske-aasta-89","33":"pa_valjalaske-aasta-90","34":"pa_valjalaske-aasta-91","36":"first","37":"instock","38":"sale","39":"taxable","40":"shipping-taxable","41":"purchasable","42":"product-type-simple"},"aioseo_notices":[],"_links":{"self":[{"href":"https:\/\/www.saabpartsstock.com\/et\/wp-json\/wp\/v2\/product\/14702","targetHints":{"allow":["GET"]}}],"collection":[{"href":"https:\/\/www.saabpartsstock.com\/et\/wp-json\/wp\/v2\/product"}],"about":[{"href":"https:\/\/www.saabpartsstock.com\/et\/wp-json\/wp\/v2\/types\/product"}],"wp:featuredmedia":[{"embeddable":true,"href":"https:\/\/www.saabpartsstock.com\/et\/wp-json\/wp\/v2\/media\/14713"}],"wp:attachment":[{"href":"https:\/\/www.saabpartsstock.com\/et\/wp-json\/wp\/v2\/media?parent=14702"}],"wp:term":[{"taxonomy":"product_brand","embeddable":true,"href":"https:\/\/www.saabpartsstock.com\/et\/wp-json\/wp\/v2\/product_brand?post=14702"},{"taxonomy":"product_cat","embeddable":true,"href":"https:\/\/www.saabpartsstock.com\/et\/wp-json\/wp\/v2\/product_cat?post=14702"},{"taxonomy":"product_tag","embeddable":true,"href":"https:\/\/www.saabpartsstock.com\/et\/wp-json\/wp\/v2\/product_tag?post=14702"}],"curies":[{"name":"wp","href":"https:\/\/api.w.org\/{rel}","templated":true}]}}