
{"id":1873,"date":"2021-08-05T19:38:47","date_gmt":"2021-08-05T17:38:47","guid":{"rendered":"https:\/\/saabpartsstock.com\/?post_type=product&#038;p=1873"},"modified":"2024-11-22T18:44:05","modified_gmt":"2024-11-22T16:44:05","slug":"sport-disainiga-rool-nahk-carbon-fiber-saab-5553193","status":"publish","type":"product","link":"https:\/\/www.saabpartsstock.com\/et\/toode\/sport-disainiga-rool-nahk-carbon-fiber-saab-5553193\/","title":{"rendered":"Sport disainiga rool nahk+ Carbon Fiber SAAB 5553193"},"content":{"rendered":"<p>SAAB 9-5 MY2002-2005<br \/>\n<strong><span style=\"color: #800000;\">Airbag pole rooliga kaasas<\/span><\/strong><br \/>\nAlternatiivsed varuosa koodid: 5553177, 5553185, 5553193, 5201017, 400131868, 400131033<\/p>\n<p>Disaineri poolt kujundatud ja k\u00e4sit\u00f6\u00f6na valminud rool. Kasutatud on vaid k\u00f5rgekvaliteedilisi ja vastupidavaid materjale.<br \/>\nEhitatud SAAB originaal roolile.<\/p>\n<p><strong><span style=\"color: #0000ff;\">Vana rool tuleb meile tagasi saata!<\/span><\/strong><br \/>\n<strong><span style=\"color: #0000ff;\">Algsele rooli hinnale lisatakse korpuse maksumuse deposiit 100\u20ac. Kui sinu vana rool j\u00f5uab meieni, siis tagastame korpuse raha ehk deposiidi.<\/span><\/strong><\/p>\n","protected":false},"excerpt":{"rendered":"<p>Tootja: SAAB + SaabPartsStock eritellimus<br \/>\nSeisukord: \u00dcmber ehitatud varuosa<\/p>\n","protected":false},"featured_media":1814,"template":"","meta":{"_monsterinsights_skip_tracking":false,"_monsterinsights_sitenote_active":false,"_monsterinsights_sitenote_note":"","_monsterinsights_sitenote_category":0},"product_brand":[],"product_cat":[1664,62,178,53],"product_tag":[2022,2023,2024,2025,2026,2027,2059,2060,1840,1845,1844,2030],"class_list":{"0":"post-1873","1":"product","2":"type-product","3":"status-publish","4":"has-post-thumbnail","6":"product_cat-lisatasu-voi-deposiit","7":"product_cat-lisavarustus-saab-9-5-my1998-2010","8":"product_cat-rooliosad","9":"product_cat-saab-9-5-my1998-2010","10":"product_tag-2022","11":"product_tag-2023","12":"product_tag-2024","13":"product_tag-2025","14":"product_tag-2026","15":"product_tag-2027","16":"product_tag-carbon-fiber","17":"product_tag-re-trimmed-steering-wheel","18":"product_tag-saab","19":"product_tag-saab-genuine-new","20":"product_tag-saab-originaal-uus-varuosa","21":"product_tag-sport-design-steering-wheel","22":"pa_kategooria-uued-originaal-varuosad","23":"pa_saab-mudel-saab-9-5","24":"pa_valjalaske-aasta-83","25":"pa_valjalaske-aasta-84","26":"pa_valjalaske-aasta-85","27":"pa_valjalaske-aasta-86","29":"first","30":"instock","31":"sale","32":"taxable","33":"shipping-taxable","34":"purchasable","35":"product-type-simple"},"aioseo_notices":[],"_links":{"self":[{"href":"https:\/\/www.saabpartsstock.com\/et\/wp-json\/wp\/v2\/product\/1873","targetHints":{"allow":["GET"]}}],"collection":[{"href":"https:\/\/www.saabpartsstock.com\/et\/wp-json\/wp\/v2\/product"}],"about":[{"href":"https:\/\/www.saabpartsstock.com\/et\/wp-json\/wp\/v2\/types\/product"}],"wp:featuredmedia":[{"embeddable":true,"href":"https:\/\/www.saabpartsstock.com\/et\/wp-json\/wp\/v2\/media\/1814"}],"wp:attachment":[{"href":"https:\/\/www.saabpartsstock.com\/et\/wp-json\/wp\/v2\/media?parent=1873"}],"wp:term":[{"taxonomy":"product_brand","embeddable":true,"href":"https:\/\/www.saabpartsstock.com\/et\/wp-json\/wp\/v2\/product_brand?post=1873"},{"taxonomy":"product_cat","embeddable":true,"href":"https:\/\/www.saabpartsstock.com\/et\/wp-json\/wp\/v2\/product_cat?post=1873"},{"taxonomy":"product_tag","embeddable":true,"href":"https:\/\/www.saabpartsstock.com\/et\/wp-json\/wp\/v2\/product_tag?post=1873"}],"curies":[{"name":"wp","href":"https:\/\/api.w.org\/{rel}","templated":true}]}}