
{"id":2097,"date":"2022-01-16T00:58:53","date_gmt":"2022-01-15T22:58:53","guid":{"rendered":"https:\/\/saabpartsstock.com\/?post_type=product&#038;p=2097"},"modified":"2024-11-22T18:44:09","modified_gmt":"2024-11-22T16:44:09","slug":"varvilised-raamita-esiklaasi-kojamehed-sinine-komplekt-2-tk-4","status":"publish","type":"product","link":"https:\/\/www.saabpartsstock.com\/et\/toode\/varvilised-raamita-esiklaasi-kojamehed-sinine-komplekt-2-tk-4\/","title":{"rendered":"V\u00e4rvilised raamita esiklaasi kojamehed, sinine komplekt (2 tk.)"},"content":{"rendered":"<p>SAAB 9-5NG Sedaan M10-12<br \/>\nSAAB 9-5NG SportCombi M11-12<br \/>\nKojamehe harjade pikkused komplektis: 600mm + 525mm\u00a0 (24&#8243; + 21&#8243;)<\/p>\n<p>Alternatiivne varuosa kood: 13342283<\/p>\n<p><span class=\"VIiyi\" lang=\"et\"><span class=\"JLqJ4b ChMk0b\" data-language-for-alternatives=\"et\" data-language-to-translate-into=\"en\" data-phrase-index=\"0\" data-number-of-phrases=\"20\">Hesit\u00e9 v\u00e4rvilistel klaasipuhasti harjadel on 8 peamist ja v\u00e4gagi olulist funktsiooni:<\/span><br \/>\n<span class=\"JLqJ4b ChMk0b\" data-language-for-alternatives=\"et\" data-language-to-translate-into=\"en\" data-phrase-index=\"2\" data-number-of-phrases=\"20\">1. Selge n\u00e4htavus ilma vihmavee triipudeta<\/span><br \/>\n<span class=\"JLqJ4b ChMk0b\" data-language-for-alternatives=\"et\" data-language-to-translate-into=\"en\" data-phrase-index=\"4\" data-number-of-phrases=\"20\">2. Vaikne t\u00f6\u00f6ts\u00fckkel t\u00e4nu t\u00e4iustatud kummisegule (20-40 dB)<\/span><br \/>\n<span class=\"JLqJ4b ChMk0b\" data-language-for-alternatives=\"et\" data-language-to-translate-into=\"en\" data-phrase-index=\"6\" data-number-of-phrases=\"20\">3. Vastupidavus nii k\u00f5rgetele kui ka madalale temperatuuridele (umbes -25 \u00b0C kuni + 50 \u00b0C)<\/span><br \/>\n<span class=\"JLqJ4b ChMk0b\" data-language-for-alternatives=\"et\" data-language-to-translate-into=\"en\" data-phrase-index=\"8\" data-number-of-phrases=\"20\">4. Aerod\u00fcnaamiline j\u00f5udlus \u2192 Klaasipuhasti hari on t\u00f6\u00f6ts\u00fckli ajal stabiilne t\u00e4nu spoileri kujule<\/span><br \/>\n<span class=\"JLqJ4b ChMk0b\" data-language-for-alternatives=\"et\" data-language-to-translate-into=\"en\" data-phrase-index=\"10\" data-number-of-phrases=\"20\">5. 304 Roostevaba teras \u2192 \u00d5ige pingega kaarteras muudab terad stabiilseks ja paindlikuks;<\/span> <span class=\"JLqJ4b ChMk0b\" data-language-for-alternatives=\"et\" data-language-to-translate-into=\"en\" data-phrase-index=\"11\" data-number-of-phrases=\"20\">H\u00e4sti jaotatud surve tagab t\u00e4iusliku kontakti<\/span><br \/>\n<span class=\"JLqJ4b ChMk0b\" data-language-for-alternatives=\"et\" data-language-to-translate-into=\"en\" data-phrase-index=\"13\" data-number-of-phrases=\"20\">6. Naturaalsest kummist kummiriba nanografiitkattega\u00a0 \u2192 Pehme ja mitte j\u00e4ik;<\/span> <span class=\"JLqJ4b ChMk0b\" data-language-for-alternatives=\"et\" data-language-to-translate-into=\"en\" data-phrase-index=\"14\" data-number-of-phrases=\"20\">Ei kahjusta tuuleklaasi;<\/span> <span class=\"JLqJ4b ChMk0b\" data-language-for-alternatives=\"et\" data-language-to-translate-into=\"en\" data-phrase-index=\"15\" data-number-of-phrases=\"20\">Puhastamata kohti ei esine<\/span><br \/>\n<span class=\"JLqJ4b ChMk0b\" data-language-for-alternatives=\"et\" data-language-to-translate-into=\"en\" data-phrase-index=\"17\" data-number-of-phrases=\"20\">7. Vastupidavad ja pika elueaga<\/span><br \/>\n<span class=\"JLqJ4b ChMk0b\" data-language-for-alternatives=\"et\" data-language-to-translate-into=\"en\" data-phrase-index=\"19\" data-number-of-phrases=\"20\">8. Sobib ideaalselt soovitud automudelile<\/span><\/span><\/p>\n<p><span style=\"color: #0000ff;\">*Fotod on illustratiivsed.<\/span><\/p>\n","protected":false},"excerpt":{"rendered":"<p>Tootja: HESIT\u00c9<br \/>\nSeisukord: <span style=\"color: #0000ff;\"><a style=\"color: #0000ff;\" href=\"https:\/\/saabpartsstock.com\/et\/item-condition-explanation\/\">Uus varuosa<\/a><\/span><\/p>\n<p><span style=\"color: #000000;\"><span style=\"font-family: Liberation Serif, serif;\"><span style=\"font-size: medium;\"><strong><span style=\"color: #008000;\"><span class=\"HwtZe\" lang=\"et\"><span class=\"jCAhz ChMk0b\"><span class=\"ryNqvb\">Sobivust oma autole vaadake allolevast tootekirjeldusest.<\/span><\/span><\/span><\/span><\/strong><\/span><\/span><\/span><\/p>\n<p>Need v\u00e4rvilise kattega klaasipuhastid siin on valmistatud naturaalsest kaut\u0161uki kummisegust, neil puudub tuulem\u00fcra v\u00f5i vilin ja sobivad nagu valatult teie autole, pakkudes sujuvat, puhast ning triipudevaba klaasipuhastust.<br \/>\nV\u00f5rreldes traditsiooniliste klaasipuhastitega v\u00e4hendavad need klaasipuhasti harjad t\u00e4nu oma disainile \u00f5hutakistust ja t\u00e4nu hoolikalt valitud kummisegule pole nende p\u00fchkimists\u00fcklil mingeid k\u00f5rvalisi helisid. Terasplaadil on hea elastsus, \u00fchtlane pinge, puhtamad t\u00f5mbed ja need sobivad igasugustes ilmastikutingimustes kasutamiseks.<br \/>\nKlaasipuhasti hari suudab paremini eemaldada klaasilt v\u00e4ikseimad vihmapiisku, pakkuda parimat n\u00e4htavust ja aitab juhtida s\u00f5idukit turvalisemalt.<br \/>\nLihtne paigaldada ning ei vaja erit\u00f6\u00f6riistu.<br \/>\nKui oled korra neid proovinud, siis edaspidi soovid sa VAID samu klaasipuhasti harju kasutada!<\/p>\n","protected":false},"featured_media":2094,"template":"","meta":{"_monsterinsights_skip_tracking":false,"_monsterinsights_sitenote_active":false,"_monsterinsights_sitenote_note":"","_monsterinsights_sitenote_category":0},"product_brand":[],"product_cat":[173,155,58,60,55],"product_tag":[2129,1822,2131,2133,1972,1823,2134,1915,2135],"class_list":{"0":"post-2097","1":"product","2":"type-product","3":"status-publish","4":"has-post-thumbnail","6":"product_cat-elektriosad-saab-9-5ng-9-4x-my2010-2012","7":"product_cat-hooldustarvikud-saab-9-5ng-9-4x-my2010-2012","8":"product_cat-kereosad","9":"product_cat-lisavarustus-saab-9-5ng-9-4x-my2010-2012","10":"product_cat-saab-9-5ng-9-4x-my2010-2012","11":"product_tag-colourful-wiper-blades","12":"product_tag-kvaliteetne-jarelturu-varuosa","13":"product_tag-long-life-wiper-blades","14":"product_tag-natural-rubber-wiper-blades","15":"product_tag-practical-accessory","16":"product_tag-quality-aftermarket-part","17":"product_tag-saab-13342283","18":"product_tag-saab-9-5ng-my2010-2011","19":"product_tag-set-of-flat-blade-windshield-wipers-in-blue","20":"pa_kategooria-lisavarustuse-tooted-nii-uued-kui-kasutatud","21":"pa_kategooria-uued-jarelturu-varuosad","22":"pa_materjal-looduslik-kumm","23":"pa_saab-mudel-saab-9-5ng-saab-9-4x","24":"pa_valjalaske-aasta-91","25":"pa_valjalaske-aasta-92","26":"pa_valjalaske-aasta-93","27":"pa_varvus-sinine","29":"first","30":"instock","31":"sale","32":"taxable","33":"shipping-taxable","34":"purchasable","35":"product-type-simple"},"aioseo_notices":[],"_links":{"self":[{"href":"https:\/\/www.saabpartsstock.com\/et\/wp-json\/wp\/v2\/product\/2097","targetHints":{"allow":["GET"]}}],"collection":[{"href":"https:\/\/www.saabpartsstock.com\/et\/wp-json\/wp\/v2\/product"}],"about":[{"href":"https:\/\/www.saabpartsstock.com\/et\/wp-json\/wp\/v2\/types\/product"}],"wp:featuredmedia":[{"embeddable":true,"href":"https:\/\/www.saabpartsstock.com\/et\/wp-json\/wp\/v2\/media\/2094"}],"wp:attachment":[{"href":"https:\/\/www.saabpartsstock.com\/et\/wp-json\/wp\/v2\/media?parent=2097"}],"wp:term":[{"taxonomy":"product_brand","embeddable":true,"href":"https:\/\/www.saabpartsstock.com\/et\/wp-json\/wp\/v2\/product_brand?post=2097"},{"taxonomy":"product_cat","embeddable":true,"href":"https:\/\/www.saabpartsstock.com\/et\/wp-json\/wp\/v2\/product_cat?post=2097"},{"taxonomy":"product_tag","embeddable":true,"href":"https:\/\/www.saabpartsstock.com\/et\/wp-json\/wp\/v2\/product_tag?post=2097"}],"curies":[{"name":"wp","href":"https:\/\/api.w.org\/{rel}","templated":true}]}}