
{"id":2358,"date":"2022-11-13T20:21:58","date_gmt":"2022-11-13T18:21:58","guid":{"rendered":"https:\/\/saabpartsstock.com\/?post_type=product&#038;p=2358"},"modified":"2024-11-22T18:44:16","modified_gmt":"2024-11-22T16:44:16","slug":"pardaarvuti-teekonna-arvesti-koos-kellaga-esimese-polvkonna-saab-infodisplay-kasutatud","status":"publish","type":"product","link":"https:\/\/www.saabpartsstock.com\/et\/toode\/pardaarvuti-teekonna-arvesti-koos-kellaga-esimese-polvkonna-saab-infodisplay-kasutatud\/","title":{"rendered":"Pardaarvuti &#8211; teekonna arvesti koos kellaga, esimese p\u00f5lvkonna SAAB infodisplay (kasutatud)"},"content":{"rendered":"<p>SAAB 9000 M1986-1998<\/p>\n<p>Alternatiivsed varuosa koodid: 400105607, 4519443<\/p>\n<p>Tegemist on SAAB 9000 lisavarustusega. Tavaliselt on SAAB 9000 armatuurlauas tavaline seieritega kell.<br \/>\nSAAB 9000 puhul on tavalise kella asendamine nn pardaarvutiga imelihtne. V\u00f5ta kell \u00e4ra ja \u00fchenda pardaarvuti selle asemele! Valmis!<\/p>\n","protected":false},"excerpt":{"rendered":"<p>Tootja: SAAB<br \/>\nSeisukord: Kasutatud varuosa, (heas korras)<\/p>\n<p>Tegemist on SAAB 9000 lisavarustusega. Tavaliselt on SAAB 9000 armatuurlauas tavaline seieritega kell.<br \/>\nSAAB 9000 puhul on tavalise kella asendamine nn pardaarvutiga imelihtne. V\u00f5ta kell \u00e4ra ja \u00fchenda pardaarvuti selle asemele! Valmis!<\/p>\n","protected":false},"featured_media":2360,"template":"","meta":{"_monsterinsights_skip_tracking":false,"_monsterinsights_sitenote_active":false,"_monsterinsights_sitenote_note":"","_monsterinsights_sitenote_category":0},"product_brand":[],"product_cat":[167,161,50,194],"product_tag":[1830,1829],"class_list":{"0":"post-2358","1":"product","2":"type-product","3":"status-publish","4":"has-post-thumbnail","6":"product_cat-elektriosad-saab-9000-my1985-1998","7":"product_cat-lisavarustus-saab-9000-my1985-1998","8":"product_cat-saab-9000-my1985-1998","9":"product_cat-salongiosad-saab-9000-my1985-1998","10":"product_tag-saab-genuine-used","11":"product_tag-saab-originaal-kasutatud-varuosa","12":"pa_kategooria-kasutatud-varuosad","13":"pa_kategooria-kasutatud-voi-renoveeritud-saab-originaalvaruosa","14":"pa_kategooria-lisavarustuse-tooted-nii-uued-kui-kasutatud","15":"pa_saab-mudel-saab-9000","16":"pa_valjalaske-aasta-37","17":"pa_valjalaske-aasta-38","18":"pa_valjalaske-aasta-69","19":"pa_valjalaske-aasta-70","20":"pa_valjalaske-aasta-71","21":"pa_valjalaske-aasta-72","22":"pa_valjalaske-aasta-73","23":"pa_valjalaske-aasta-74","24":"pa_valjalaske-aasta-75","25":"pa_valjalaske-aasta-76","26":"pa_valjalaske-aasta-77","27":"pa_valjalaske-aasta-78","28":"pa_valjalaske-aasta-79","30":"first","31":"instock","32":"taxable","33":"shipping-taxable","34":"purchasable","35":"product-type-simple"},"aioseo_notices":[],"_links":{"self":[{"href":"https:\/\/www.saabpartsstock.com\/et\/wp-json\/wp\/v2\/product\/2358","targetHints":{"allow":["GET"]}}],"collection":[{"href":"https:\/\/www.saabpartsstock.com\/et\/wp-json\/wp\/v2\/product"}],"about":[{"href":"https:\/\/www.saabpartsstock.com\/et\/wp-json\/wp\/v2\/types\/product"}],"wp:featuredmedia":[{"embeddable":true,"href":"https:\/\/www.saabpartsstock.com\/et\/wp-json\/wp\/v2\/media\/2360"}],"wp:attachment":[{"href":"https:\/\/www.saabpartsstock.com\/et\/wp-json\/wp\/v2\/media?parent=2358"}],"wp:term":[{"taxonomy":"product_brand","embeddable":true,"href":"https:\/\/www.saabpartsstock.com\/et\/wp-json\/wp\/v2\/product_brand?post=2358"},{"taxonomy":"product_cat","embeddable":true,"href":"https:\/\/www.saabpartsstock.com\/et\/wp-json\/wp\/v2\/product_cat?post=2358"},{"taxonomy":"product_tag","embeddable":true,"href":"https:\/\/www.saabpartsstock.com\/et\/wp-json\/wp\/v2\/product_tag?post=2358"}],"curies":[{"name":"wp","href":"https:\/\/api.w.org\/{rel}","templated":true}]}}