
{"id":2515,"date":"2025-02-09T15:30:47","date_gmt":"2025-02-09T13:30:47","guid":{"rendered":"https:\/\/saabpartsstock.com\/?post_type=product&#038;p=2515"},"modified":"2025-04-10T09:01:00","modified_gmt":"2025-04-10T07:01:00","slug":"led-suunatule-koormustakisti-hoogpirni-pesale-w5w","status":"publish","type":"product","link":"https:\/\/www.saabpartsstock.com\/et\/toode\/led-suunatule-koormustakisti-hoogpirni-pesale-w5w\/","title":{"rendered":"LED suunatule koormustakisti h\u00f5\u00f5gpirni pesale W5W"},"content":{"rendered":"<p>SAAB 9-3NG SS, SC, CV M2003-2011<br \/>\n<span style=\"color: #993366;\"><a href=\"https:\/\/saabpartsstock.com\/product\/sequential-side-turn-led-lamp\/\">\u00dche LED pirni<\/a> kohta on tarvis paigaldada 1 koormustakisti.<\/span><\/p>\n<p><strong>\u00dchilduvus:<\/strong><br \/>\nLED-pirnide koormustakisti: W5W valgusti pesa-adapter<\/p>\n<p><strong>Funktsioonid:<\/strong><br \/>\nLED-suunatule koormustakisti lahendab SAAB 9-3NG <a href=\"https:\/\/saabpartsstock.com\/product\/sequential-side-turn-led-lamp\/\"><em><span style=\"color: #0000ff;\">LED jadavilkumisega suunatule<\/span><\/em><\/a> veateated (m\u00e4rgitud mudeliaastatel).<br \/>\nSaab kasutada lisaks ka LED numbritulede, LED-piduritulede, LED-udutulede ja muude LED-tuledega,<br \/>\net vabaneda t\u00f5rgetest v\u00f5i hoiatussignaalidest n\u00e4idikuplokis.<\/p>\n<p><strong>Tehnilised andmed:<\/strong><br \/>\nMaterjal: Alumiiniumist korpus<br \/>\nPinge: 12V\/0,29A<br \/>\nV\u00e4ljundv\u00f5imsus: 3,2W<br \/>\nSeadme kogupikkus: u. 17,5 cm<br \/>\nVarustatud jahutusradiaatoriga<br \/>\nT\u00e4iendavaid juhtmeid lisada pole vaja.<br \/>\n<span style=\"color: #993366;\">Paigaldamisel tuleb vastava poolsusega takisti juhtmed \u00fchendada vastavalt 2 valge pistiku k\u00fcljes olevat juhet auto poolse pistiku k\u00fclge ja musta pistiku k\u00fcljes olevad 2 juhet suunatule pistiku k\u00fclge. Natuke n\u00e4put\u00f6\u00f6d \u2192 v\u00e4ga lihtne!<\/span><\/p>\n","protected":false},"excerpt":{"rendered":"<p>Tootja: Tundmatu, Hiina<br \/>\nSeisukord: <span style=\"color: #000000;\"><span style=\"font-family: Liberation Serif, serif;\"><span style=\"font-size: medium;\"><a href=\"http:\/\/www.saabpartsstock.com\/et\/item-condition-explanation\/\"><span style=\"color: #0000ff;\">Uus varuosa<\/span><\/a><\/span><\/span><\/span><\/p>\n<p><strong><span style=\"color: #008000;\"><span class=\"HwtZe\" lang=\"et\"><span class=\"jCAhz ChMk0b\"><span class=\"ryNqvb\">Sobivust oma autole vaadake allolevast tootekirjeldusest.<\/span><\/span><\/span><\/span><\/strong><\/p>\n<p>&nbsp;<\/p>\n","protected":false},"featured_media":2518,"template":"","meta":{"_monsterinsights_skip_tracking":false,"_monsterinsights_sitenote_active":false,"_monsterinsights_sitenote_note":"","_monsterinsights_sitenote_category":0},"product_brand":[3367],"product_cat":[125,61,54],"product_tag":[2238,3187,1972,2239],"class_list":{"0":"post-2515","1":"product","2":"type-product","3":"status-publish","4":"has-post-thumbnail","6":"product_brand-saabpartsstock-own","7":"product_cat-elektriosad","8":"product_cat-lisavarustus-saab-9-3-ss-sc-my2003-2014","9":"product_cat-saab-9-3-ss-sc-my2003-2014","10":"product_tag-led-direction-indicator-load-resistor","11":"product_tag-lets-make-your-saab-great-again","12":"product_tag-practical-accessory","13":"product_tag-warning-canceller","14":"pa_kategooria-lisavarustuse-tooted-nii-uued-kui-kasutatud","15":"pa_kategooria-uued-jarelturu-varuosad","16":"pa_saab-mudel-saab-9-3-ss-or-sc-or-cv","17":"pa_valjalaske-aasta-84","18":"pa_valjalaske-aasta-85","19":"pa_valjalaske-aasta-86","20":"pa_valjalaske-aasta-87","21":"pa_valjalaske-aasta-88","22":"pa_valjalaske-aasta-89","23":"pa_valjalaske-aasta-90","24":"pa_valjalaske-aasta-91","25":"pa_valjalaske-aasta-92","26":"pa_valjalaske-aasta-93","27":"pa_valjalaske-aasta-94","29":"first","30":"instock","31":"taxable","32":"shipping-taxable","33":"purchasable","34":"product-type-simple"},"aioseo_notices":[],"_links":{"self":[{"href":"https:\/\/www.saabpartsstock.com\/et\/wp-json\/wp\/v2\/product\/2515","targetHints":{"allow":["GET"]}}],"collection":[{"href":"https:\/\/www.saabpartsstock.com\/et\/wp-json\/wp\/v2\/product"}],"about":[{"href":"https:\/\/www.saabpartsstock.com\/et\/wp-json\/wp\/v2\/types\/product"}],"wp:featuredmedia":[{"embeddable":true,"href":"https:\/\/www.saabpartsstock.com\/et\/wp-json\/wp\/v2\/media\/2518"}],"wp:attachment":[{"href":"https:\/\/www.saabpartsstock.com\/et\/wp-json\/wp\/v2\/media?parent=2515"}],"wp:term":[{"taxonomy":"product_brand","embeddable":true,"href":"https:\/\/www.saabpartsstock.com\/et\/wp-json\/wp\/v2\/product_brand?post=2515"},{"taxonomy":"product_cat","embeddable":true,"href":"https:\/\/www.saabpartsstock.com\/et\/wp-json\/wp\/v2\/product_cat?post=2515"},{"taxonomy":"product_tag","embeddable":true,"href":"https:\/\/www.saabpartsstock.com\/et\/wp-json\/wp\/v2\/product_tag?post=2515"}],"curies":[{"name":"wp","href":"https:\/\/api.w.org\/{rel}","templated":true}]}}