
{"id":3179,"date":"2024-01-15T18:31:01","date_gmt":"2024-01-15T16:31:01","guid":{"rendered":"https:\/\/saabpartsstock.com\/?post_type=product&#038;p=3179"},"modified":"2026-01-31T14:06:21","modified_gmt":"2026-01-31T12:06:21","slug":"mudelauto-saab-9-x-air-biohybrid-mootkavas-118-siin-saadaval","status":"publish","type":"product","link":"https:\/\/www.saabpartsstock.com\/et\/toode\/mudelauto-saab-9-x-air-biohybrid-mootkavas-118-siin-saadaval\/","title":{"rendered":"Mudelauto SAAB 9-x Air BioHybrid m\u00f5\u00f5tkavas 1:18 SIIN SAADAVAL!"},"content":{"rendered":"<p>M\u00fc\u00fcgil uhiuus ja haruldane p\u00e4rl sinu mudelautode kollektsiooni!<br \/>\nMudelauto on SAAB Car Museum-is eksponeeritava uue p\u00f5lvkonna Cabrioleti t\u00e4pne koopia. Mudel tuli m\u00fc\u00fcgile esimesena Eestis, ilmselt levib m\u00fc\u00fck hiljem ka muudesse maadesse.<br \/>\nK\u00f5rge kollektsioneerimisv\u00e4\u00e4rtusega k\u00e4sit\u00f6\u00f6 mudelauto SAAB 9-x Air BioH\u00fcbriid M2008 protot\u00fc\u00fcp<br \/>\nAntud mudel auto on ilma katuseta. V\u00f5imalik on k\u00e4sitsi katus peale asetada (katus on komplektis eraldi kaasas)<\/p>\n<p>_____________________<\/p>\n<p>SAAB 9-x Airi kontseptsiooni n\u00e4ol on tegemist neljaistmelise kabrioletiga, mida esitleti 2008. aasta Pariisi auton\u00e4itusel. See on SAAB 9-x Biohybridi uue p\u00f5lvkonna kabriolettversioon, mille presentkatus kannab SAABi inseneride poolt nimetatuna \u201cCanopy Top\u201d.<br \/>\nSAAB 9-x Airil on p\u00f5him\u00f5tteliselt samad v\u00e4lised tunnused nagu teistel SAABi mudelitel. Stiilipuhas ja liigsete detailideta saabilikult \u00e4ratuntav esiosa sobib autole v\u00e4ga h\u00e4sti.<br \/>\n9-x Airi k\u00f5ige silmatorkavam omadus on aga ebatavaline kabriolettkatus ja l\u00e4ngus tagaosa. Teiseks ebatavaliseks komponendiks on Saab integreerinud tagaakna kere tagumisse osasse (harilikult on tagaaken kabriotel osa katusest), akent saab t\u00f5sta v\u00f5i alla lasta elektrooniliselt.<br \/>\nSAAB 9-x Airi kontseptsioonauto interj\u00f6\u00f6ri iseloomustavad puhtad stiilijooned ja selgelt piiritletud juhitsoon, mille t\u00f5stab esile valge viimistlus. S\u00f5itjate tsoonid on stiliseeritud nii ees kui taga ja on \u00fcmbritsetud musta viimistlusega. T\u00e4iustatud on digitaalset armatuurlauda mis asetseb \u00fcmber juhi kaarjalt ja pakub teavet v\u00e4ga erilise disainiga ning helendavas rohelises valgustoonis.<br \/>\nSAAB 9-x Airi ideeauto j\u00f5uallikaks esipaigutusega 1,4-liitrine turbomootor, milles saab p\u00f5letada nii E85 biok\u00fctust kui ka tavalist k\u00f5rgeoktaanilist mootoribensiini. Hybriidajamiga teeb koost\u00f6\u00f6d liitiumioon aku toitel elektrimootor. J\u00f5udu edastab esiratastele kuuek\u00e4iguline k\u00e4sitsi valitav automaatsiduriga k\u00e4igukast.<br \/>\nAllikas: @saabplanet.com<br \/>\n______________________________________<br \/>\nEAN 470438010634<\/p>\n","protected":false},"excerpt":{"rendered":"<p>Tootja: Palm &amp; Co O\u00dc eritellimus<br \/>\nSeisukord: Uus (valmistatud k\u00e4sit\u00f6\u00f6na!)<br \/>\nPiiratud tootmiskogus \u2192 kokku vaid 200 tk.<br \/>\nV\u00e4rv: H\u00f5bedane metallik<br \/>\nValmistusmaterjal: Resin<br \/>\nMudelauto tarnitakse hinnalises vitriinkarbis.<br \/>\n1:18 m\u00f5\u00f5tkavas<br \/>\nEAN 470438010634<\/p>\n","protected":false},"featured_media":3210,"template":"","meta":{"_monsterinsights_skip_tracking":false,"_monsterinsights_sitenote_active":false,"_monsterinsights_sitenote_note":"","_monsterinsights_sitenote_category":0},"product_brand":[3367],"product_cat":[48],"product_tag":[2653,1834,2654,1831,1838,2655,1835,1832,1840,2175,2176,2113,2177],"class_list":{"0":"post-3179","1":"product","2":"type-product","3":"status-publish","4":"has-post-thumbnail","6":"product_brand-saabpartsstock-own","7":"product_cat-fanni-keskkond","8":"product_tag-2653","9":"product_tag-arikink","10":"product_tag-ean-470438010634","11":"product_tag-kvaliteetne-meene","12":"product_tag-model-car","13":"product_tag-now-available","14":"product_tag-quality-business-gift","15":"product_tag-quality-saab-expression","16":"product_tag-saab","17":"product_tag-saab-9-x-air","18":"product_tag-saab-9-x-air-biohybrid-in-scale-118","19":"product_tag-saab-concept-car","20":"product_tag-saab-scale-1-18","21":"pa_kategooria-saab-meened","22":"pa_kere-varv-hobedane-metallik","23":"pa_materjal-vaik","24":"pa_mootkava-243","25":"pa_valjalaske-aasta-89","27":"first","28":"instock","29":"sale","30":"featured","31":"taxable","32":"shipping-taxable","33":"purchasable","34":"product-type-simple"},"aioseo_notices":[],"_links":{"self":[{"href":"https:\/\/www.saabpartsstock.com\/et\/wp-json\/wp\/v2\/product\/3179","targetHints":{"allow":["GET"]}}],"collection":[{"href":"https:\/\/www.saabpartsstock.com\/et\/wp-json\/wp\/v2\/product"}],"about":[{"href":"https:\/\/www.saabpartsstock.com\/et\/wp-json\/wp\/v2\/types\/product"}],"wp:featuredmedia":[{"embeddable":true,"href":"https:\/\/www.saabpartsstock.com\/et\/wp-json\/wp\/v2\/media\/3210"}],"wp:attachment":[{"href":"https:\/\/www.saabpartsstock.com\/et\/wp-json\/wp\/v2\/media?parent=3179"}],"wp:term":[{"taxonomy":"product_brand","embeddable":true,"href":"https:\/\/www.saabpartsstock.com\/et\/wp-json\/wp\/v2\/product_brand?post=3179"},{"taxonomy":"product_cat","embeddable":true,"href":"https:\/\/www.saabpartsstock.com\/et\/wp-json\/wp\/v2\/product_cat?post=3179"},{"taxonomy":"product_tag","embeddable":true,"href":"https:\/\/www.saabpartsstock.com\/et\/wp-json\/wp\/v2\/product_tag?post=3179"}],"curies":[{"name":"wp","href":"https:\/\/api.w.org\/{rel}","templated":true}]}}